{"id":23549,"date":"2020-04-23T13:47:42","date_gmt":"2020-04-23T11:47:42","guid":{"rendered":"http:\/\/laurenty.com\/?page_id=23549"},"modified":"2022-01-07T14:54:22","modified_gmt":"2022-01-07T13:54:22","slug":"cookiebeleid","status":"publish","type":"page","link":"https:\/\/laurenty.com\/nl\/cookiebeleid\/","title":{"rendered":"Cookiebeleid"},"content":{"rendered":"<p>[et_pb_section fb_built=&#8221;1&#8243; _builder_version=&#8221;4.4.0&#8243; background_color=&#8221;#eb5d0b&#8221; vertical_offset_tablet=&#8221;0&#8243; horizontal_offset_tablet=&#8221;0&#8243; custom_padding=&#8221;||0px|&#8221; z_index_tablet=&#8221;0&#8243; box_shadow_horizontal_tablet=&#8221;0px&#8221; box_shadow_vertical_tablet=&#8221;0px&#8221; box_shadow_blur_tablet=&#8221;40px&#8221; box_shadow_spread_tablet=&#8221;0px&#8221;][et_pb_row _builder_version=&#8221;4.4.0&#8243; background_color=&#8221;#ffffff&#8221; vertical_offset_tablet=&#8221;0&#8243; horizontal_offset_tablet=&#8221;0&#8243; max_width=&#8221;1265px&#8221; module_alignment=&#8221;center&#8221; custom_padding=&#8221;45px|45px|45px|45px&#8221; z_index_tablet=&#8221;0&#8243; box_shadow_horizontal_tablet=&#8221;0px&#8221; box_shadow_vertical_tablet=&#8221;0px&#8221; box_shadow_blur_tablet=&#8221;40px&#8221; box_shadow_spread_tablet=&#8221;0px&#8221;][et_pb_column type=&#8221;4_4&#8243; _builder_version=&#8221;3.0.47&#8243; custom_padding=&#8221;|||&#8221; custom_padding__hover=&#8221;|||&#8221;][et_pb_text _builder_version=&#8221;4.9.10&#8243; vertical_offset_tablet=&#8221;0&#8243; horizontal_offset_tablet=&#8221;0&#8243; hover_enabled=&#8221;0&#8243; z_index_tablet=&#8221;0&#8243; text_text_shadow_horizontal_length_tablet=&#8221;0px&#8221; text_text_shadow_vertical_length_tablet=&#8221;0px&#8221; text_text_shadow_blur_strength_tablet=&#8221;1px&#8221; link_text_shadow_horizontal_length_tablet=&#8221;0px&#8221; link_text_shadow_vertical_length_tablet=&#8221;0px&#8221; link_text_shadow_blur_strength_tablet=&#8221;1px&#8221; ul_text_shadow_horizontal_length_tablet=&#8221;0px&#8221; ul_text_shadow_vertical_length_tablet=&#8221;0px&#8221; ul_text_shadow_blur_strength_tablet=&#8221;1px&#8221; ol_text_shadow_horizontal_length_tablet=&#8221;0px&#8221; ol_text_shadow_vertical_length_tablet=&#8221;0px&#8221; ol_text_shadow_blur_strength_tablet=&#8221;1px&#8221; quote_text_shadow_horizontal_length_tablet=&#8221;0px&#8221; quote_text_shadow_vertical_length_tablet=&#8221;0px&#8221; quote_text_shadow_blur_strength_tablet=&#8221;1px&#8221; header_text_shadow_horizontal_length_tablet=&#8221;0px&#8221; header_text_shadow_vertical_length_tablet=&#8221;0px&#8221; header_text_shadow_blur_strength_tablet=&#8221;1px&#8221; header_2_text_shadow_horizontal_length_tablet=&#8221;0px&#8221; header_2_text_shadow_vertical_length_tablet=&#8221;0px&#8221; header_2_text_shadow_blur_strength_tablet=&#8221;1px&#8221; header_3_text_shadow_horizontal_length_tablet=&#8221;0px&#8221; header_3_text_shadow_vertical_length_tablet=&#8221;0px&#8221; header_3_text_shadow_blur_strength_tablet=&#8221;1px&#8221; header_4_text_shadow_horizontal_length_tablet=&#8221;0px&#8221; header_4_text_shadow_vertical_length_tablet=&#8221;0px&#8221; header_4_text_shadow_blur_strength_tablet=&#8221;1px&#8221; header_5_text_shadow_horizontal_length_tablet=&#8221;0px&#8221; header_5_text_shadow_vertical_length_tablet=&#8221;0px&#8221; header_5_text_shadow_blur_strength_tablet=&#8221;1px&#8221; header_6_text_shadow_horizontal_length_tablet=&#8221;0px&#8221; header_6_text_shadow_vertical_length_tablet=&#8221;0px&#8221; header_6_text_shadow_blur_strength_tablet=&#8221;1px&#8221; box_shadow_horizontal_tablet=&#8221;0px&#8221; box_shadow_vertical_tablet=&#8221;0px&#8221; box_shadow_blur_tablet=&#8221;40px&#8221; box_shadow_spread_tablet=&#8221;0px&#8221; sticky_enabled=&#8221;0&#8243;]<\/p>\n<h1>Cookiebeleid<\/h1>\n<p>Cookies zijn kleine tekstbestandjes die bij het bezoeken van websites op je computer kunnen worden bewaard.<\/p>\n<div class=\"et_pb_button_module_wrapper et_pb_button_1_wrapper et_pb_button_alignment_center et_pb_module \">\n<input type=\"button\" name=\"answer\" value=\"Open het toestemmingsvenster\" onclick=\"showDiv()\" \/><\/div>\n<p>In een tekstbestand wordt informatie opgeslagen, zoals bijvoorbeeld je taalvoorkeur voor een website. Wanneer je de website later opnieuw bezoekt, wordt deze cookie opnieuw verstuurd naar de website. Op die manier herkent de website jouw browser en kan bijvoorbeeld je taalvoorkeur worden onthouden.<\/p>\n<p>Cookies hebben meestal ook een vervaldatum. Sommige cookies worden bijvoorbeeld automatisch verwijderd wanneer je je browser afsluit (de zogenaamde sessiecookies), terwijl andere langere tijd op je computer blijven staan, soms zelfs tot je ze handmatig verwijdert (de zogenaamde permanente cookies).<\/p>\n<h2>Waarom gebruiken we cookies? <\/h2>\n<p>Laurenty nv die de beheerder is van deze website, maakt op www. Laurenty.com gebruik van cookies uitsluitend om het gebruik van de site te meten (meting van de prestaties, opsporing van navigatieproblemen, optimalisering van de technische prestaties of de ergonomie, evaluatie van het vermogen van de vereiste servers, analyse van de geraadpleegde inhoud), en exclusief voor de rekening van Laurenty nv.<\/p>\n<p>De geproduceerde statistische gegevens zijn anoniem.<\/p>\n<p>Lijst van de cookies<\/p>\n<table class=\"responsive-table\" style=\"border-collapse: collapse; width: 100%;\" border=\"1\">\n<tbody>\n<tr class=\"row_grey\">\n<td style=\"width: 33.3333%;\">Naam<\/td>\n<td style=\"width: 33.3333%;\">Vervaltermijn<\/td>\n<td style=\"width: 33.3333%;\">Doel<\/td>\n<\/tr>\n<tr style=\"height: 23px;\">\n<td style=\"width: 33.3333%;\">_ga<\/td>\n<td style=\"width: 33.3333%;\">2 jaar <\/td>\n<td style=\"width: 33.3333%;\">Deze cookie wordt ge\u00efnstalleerd door Google Analytics en verzamelt gegevens over de bezoekers, de sessies en de campagnes en volgt, voor het analyserapport, ook het gebruik van de website op. De cookie slaat informatie anoniem op en wijst een willekeurig gegenereerd nummer toe om unieke bezoekers te identificeren.<\/td>\n<\/tr>\n<tr style=\"height: 23px;\">\n<td style=\"width: 33.3333%;\">_gid<\/td>\n<td style=\"width: 33.3333%;\">1 dag <\/td>\n<td style=\"width: 33.3333%;\">Deze cookie wordt ge\u00efnstalleerd door Google Analytics en slaat informatie op over de manier waarop de bezoekers een website gebruiken en maakt een analyserapport op over de prestaties van de website. De verzamelde gegevens omvatten het aantal bezoekers, waar zij vandaan komen en de pagina&#8217;s die zij anoniem bezoeken.<\/td>\n<\/tr>\n<tr style=\"height: 23px;\">\n<td style=\"width: 33.3333%;\">_gat_UA-122214565-1<\/td>\n<td style=\"width: 33.3333%;\">1 minuut<\/td>\n<td style=\"width: 33.3333%;\">Een variant van de _gat cookie die door Google Analytics en Google Tag Manager wordt ingesteld om de eigenaren van de website in staat te stellen het gedrag van de bezoekers op te volgen en de prestaties van de website te meten. Het patroonelement in de naam bevat het unieke identiteitsnummer van het account of de website waarop het betrekking heeft.<\/td>\n<\/tr>\n<\/tbody>\n<\/table>\n<h2>Externe links<\/h2>\n<p>De website van Laurenty nv vermeldt externe links om bepaalde informatie te documenteren. Deze links zijn aangeduid met een icoontje dat aangeeft dat de gebruiker de website van Laurenty nv verlaat. De activatie van deze links is de verantwoordelijkheid van de gebruiker. Wij raden echter aan om zowel de privacyverklaring als het cookiebeleid van de betreffende website te raadplegen.[\/et_pb_text][et_pb_code _builder_version=&#8221;4.9.10&#8243; _module_preset=&#8221;default&#8221; hover_enabled=&#8221;0&#8243; sticky_enabled=&#8221;0&#8243;]<\/p>\n<div id=\"welcomeDiv\"  style=\"display:none;\" class=\"answer_list\" ><!-- [et_pb_line_break_holder] --><\/p>\n<div class=\"termsfeed-com---reset termsfeed-com---nb termsfeed-com---palette-dark termsfeed-com---nb-simple termsfeed-com---lang-fr\" id=\"termsfeed-com---nb\" role=\"dialog\" aria-modal=\"true\" aria-labelledby=\"cc-nb-title\" aria-describedby=\"cc-nb-text\">\n<div class=\"cc-nb-main-container\">\n<div class=\"cc-nb-title-container\"><pee class=\"cc-nb-title\" id=\"cc-nb-title\">Nous utilisons des cookies<\/pee><\/div>\n<div class=\"cc-nb-text-container\"><pee class=\"cc-nb-text\" id=\"cc-nb-text\">Nous utilisons des cookies et d&#8217;autres technologies de suivi pour am\u00e9liorer votre exp\u00e9rience de navigation sur notre site, pour vous montrer un contenu personnalis\u00e9 et des publicit\u00e9s cibl\u00e9es, pour analyser le trafic de notre site et pour comprendre la provenance de nos visiteurs.<\/pee><\/div>\n<div class=\"cc-nb-buttons-container\"><button class=\"cc-nb-okagree\" role=\"button\">J&#8217;accepte<\/button><button class=\"cc-nb-reject\" role=\"button\">Je refuse<\/button><button class=\"cc-nb-changep\" role=\"button\">Changer mes pr\u00e9f\u00e9rences<\/button><\/div>\n<\/div>\n<\/div>\n<\/div>\n<p>[\/et_pb_code][\/et_pb_column][\/et_pb_row][\/et_pb_section]<\/p>\n","protected":false},"excerpt":{"rendered":"<p>Cookiebeleid Cookies zijn kleine tekstbestandjes die bij het bezoeken van websites op je computer kunnen worden bewaard. In een tekstbestand wordt informatie opgeslagen, zoals bijvoorbeeld je taalvoorkeur voor een website. Wanneer je de website later opnieuw bezoekt, wordt deze cookie opnieuw verstuurd naar de website. Op die manier herkent de website jouw browser en kan [&hellip;]<\/p>\n","protected":false},"author":1,"featured_media":0,"parent":0,"menu_order":0,"comment_status":"closed","ping_status":"closed","template":"","meta":{"_et_pb_use_builder":"on","_et_pb_old_content":"","_et_gb_content_width":"","footnotes":""},"class_list":["post-23549","page","type-page","status-publish","hentry"],"yoast_head":"<!-- This site is optimized with the Yoast SEO plugin v27.5 - https:\/\/yoast.com\/product\/yoast-seo-wordpress\/ -->\n<title>Cookiebeleid - Laurenty<\/title>\n<meta name=\"robots\" content=\"index, follow, max-snippet:-1, max-image-preview:large, max-video-preview:-1\" \/>\n<link rel=\"canonical\" href=\"https:\/\/laurenty.com\/nl\/cookiebeleid\/\" \/>\n<meta property=\"og:locale\" content=\"nl_BE\" \/>\n<meta property=\"og:type\" content=\"article\" \/>\n<meta property=\"og:title\" content=\"Cookiebeleid - Laurenty\" \/>\n<meta property=\"og:description\" content=\"Cookiebeleid Cookies zijn kleine tekstbestandjes die bij het bezoeken van websites op je computer kunnen worden bewaard. In een tekstbestand wordt informatie opgeslagen, zoals bijvoorbeeld je taalvoorkeur voor een website. Wanneer je de website later opnieuw bezoekt, wordt deze cookie opnieuw verstuurd naar de website. Op die manier herkent de website jouw browser en kan [&hellip;]\" \/>\n<meta property=\"og:url\" content=\"https:\/\/laurenty.com\/nl\/cookiebeleid\/\" \/>\n<meta property=\"og:site_name\" content=\"Laurenty\" \/>\n<meta property=\"article:publisher\" content=\"https:\/\/www.facebook.com\/LaurentyGroup\" \/>\n<meta property=\"article:modified_time\" content=\"2022-01-07T13:54:22+00:00\" \/>\n<meta property=\"og:image\" content=\"https:\/\/laurenty.com\/wp-content\/uploads\/2021\/11\/laurenty-banner-reseaux-sociaux.jpg\" \/>\n\t<meta property=\"og:image:width\" content=\"1200\" \/>\n\t<meta property=\"og:image:height\" content=\"630\" \/>\n\t<meta property=\"og:image:type\" content=\"image\/jpeg\" \/>\n<meta name=\"twitter:card\" content=\"summary_large_image\" \/>\n<meta name=\"twitter:label1\" content=\"Geschatte leestijd\" \/>\n\t<meta name=\"twitter:data1\" content=\"4 minuten\" \/>\n<script type=\"application\/ld+json\" class=\"yoast-schema-graph\">{\"@context\":\"https:\\\/\\\/schema.org\",\"@graph\":[{\"@type\":\"WebPage\",\"@id\":\"https:\\\/\\\/laurenty.com\\\/nl\\\/cookiebeleid\\\/\",\"url\":\"https:\\\/\\\/laurenty.com\\\/nl\\\/cookiebeleid\\\/\",\"name\":\"Cookiebeleid - Laurenty\",\"isPartOf\":{\"@id\":\"https:\\\/\\\/laurenty.com\\\/#website\"},\"datePublished\":\"2020-04-23T11:47:42+00:00\",\"dateModified\":\"2022-01-07T13:54:22+00:00\",\"breadcrumb\":{\"@id\":\"https:\\\/\\\/laurenty.com\\\/nl\\\/cookiebeleid\\\/#breadcrumb\"},\"inLanguage\":\"nl-BE\",\"potentialAction\":[{\"@type\":\"ReadAction\",\"target\":[\"https:\\\/\\\/laurenty.com\\\/nl\\\/cookiebeleid\\\/\"]}]},{\"@type\":\"BreadcrumbList\",\"@id\":\"https:\\\/\\\/laurenty.com\\\/nl\\\/cookiebeleid\\\/#breadcrumb\",\"itemListElement\":[{\"@type\":\"ListItem\",\"position\":1,\"name\":\"Home\",\"item\":\"https:\\\/\\\/laurenty.com\\\/nl\\\/\"},{\"@type\":\"ListItem\",\"position\":2,\"name\":\"Cookiebeleid\"}]},{\"@type\":\"WebSite\",\"@id\":\"https:\\\/\\\/laurenty.com\\\/#website\",\"url\":\"https:\\\/\\\/laurenty.com\\\/\",\"name\":\"Laurenty Group\",\"description\":\"Entreprise de nettoyage et de services en Belgique, en France et au Luxembourg\",\"publisher\":{\"@id\":\"https:\\\/\\\/laurenty.com\\\/#organization\"},\"potentialAction\":[{\"@type\":\"SearchAction\",\"target\":{\"@type\":\"EntryPoint\",\"urlTemplate\":\"https:\\\/\\\/laurenty.com\\\/?s={search_term_string}\"},\"query-input\":{\"@type\":\"PropertyValueSpecification\",\"valueRequired\":true,\"valueName\":\"search_term_string\"}}],\"inLanguage\":\"nl-BE\"},{\"@type\":\"Organization\",\"@id\":\"https:\\\/\\\/laurenty.com\\\/#organization\",\"name\":\"Laurenty Group\",\"url\":\"https:\\\/\\\/laurenty.com\\\/\",\"logo\":{\"@type\":\"ImageObject\",\"inLanguage\":\"nl-BE\",\"@id\":\"https:\\\/\\\/laurenty.com\\\/#\\\/schema\\\/logo\\\/image\\\/\",\"url\":\"https:\\\/\\\/laurenty.com\\\/wp-content\\\/uploads\\\/2020\\\/06\\\/laurenty-group.png\",\"contentUrl\":\"https:\\\/\\\/laurenty.com\\\/wp-content\\\/uploads\\\/2020\\\/06\\\/laurenty-group.png\",\"width\":549,\"height\":309,\"caption\":\"Laurenty Group\"},\"image\":{\"@id\":\"https:\\\/\\\/laurenty.com\\\/#\\\/schema\\\/logo\\\/image\\\/\"},\"sameAs\":[\"https:\\\/\\\/www.facebook.com\\\/LaurentyGroup\",\"https:\\\/\\\/www.linkedin.com\\\/company\\\/laurentygroup\\\/\",\"https:\\\/\\\/www.youtube.com\\\/channel\\\/UCirP1Sv08dx0mDNCnR-8XUQ\"]}]}<\/script>\n<!-- \/ Yoast SEO plugin. -->","yoast_head_json":{"title":"Cookiebeleid - Laurenty","robots":{"index":"index","follow":"follow","max-snippet":"max-snippet:-1","max-image-preview":"max-image-preview:large","max-video-preview":"max-video-preview:-1"},"canonical":"https:\/\/laurenty.com\/nl\/cookiebeleid\/","og_locale":"nl_BE","og_type":"article","og_title":"Cookiebeleid - Laurenty","og_description":"Cookiebeleid Cookies zijn kleine tekstbestandjes die bij het bezoeken van websites op je computer kunnen worden bewaard. In een tekstbestand wordt informatie opgeslagen, zoals bijvoorbeeld je taalvoorkeur voor een website. Wanneer je de website later opnieuw bezoekt, wordt deze cookie opnieuw verstuurd naar de website. Op die manier herkent de website jouw browser en kan [&hellip;]","og_url":"https:\/\/laurenty.com\/nl\/cookiebeleid\/","og_site_name":"Laurenty","article_publisher":"https:\/\/www.facebook.com\/LaurentyGroup","article_modified_time":"2022-01-07T13:54:22+00:00","og_image":[{"width":1200,"height":630,"url":"https:\/\/laurenty.com\/wp-content\/uploads\/2021\/11\/laurenty-banner-reseaux-sociaux.jpg","type":"image\/jpeg"}],"twitter_card":"summary_large_image","twitter_misc":{"Geschatte leestijd":"4 minuten"},"schema":{"@context":"https:\/\/schema.org","@graph":[{"@type":"WebPage","@id":"https:\/\/laurenty.com\/nl\/cookiebeleid\/","url":"https:\/\/laurenty.com\/nl\/cookiebeleid\/","name":"Cookiebeleid - Laurenty","isPartOf":{"@id":"https:\/\/laurenty.com\/#website"},"datePublished":"2020-04-23T11:47:42+00:00","dateModified":"2022-01-07T13:54:22+00:00","breadcrumb":{"@id":"https:\/\/laurenty.com\/nl\/cookiebeleid\/#breadcrumb"},"inLanguage":"nl-BE","potentialAction":[{"@type":"ReadAction","target":["https:\/\/laurenty.com\/nl\/cookiebeleid\/"]}]},{"@type":"BreadcrumbList","@id":"https:\/\/laurenty.com\/nl\/cookiebeleid\/#breadcrumb","itemListElement":[{"@type":"ListItem","position":1,"name":"Home","item":"https:\/\/laurenty.com\/nl\/"},{"@type":"ListItem","position":2,"name":"Cookiebeleid"}]},{"@type":"WebSite","@id":"https:\/\/laurenty.com\/#website","url":"https:\/\/laurenty.com\/","name":"Laurenty Group","description":"Entreprise de nettoyage et de services en Belgique, en France et au Luxembourg","publisher":{"@id":"https:\/\/laurenty.com\/#organization"},"potentialAction":[{"@type":"SearchAction","target":{"@type":"EntryPoint","urlTemplate":"https:\/\/laurenty.com\/?s={search_term_string}"},"query-input":{"@type":"PropertyValueSpecification","valueRequired":true,"valueName":"search_term_string"}}],"inLanguage":"nl-BE"},{"@type":"Organization","@id":"https:\/\/laurenty.com\/#organization","name":"Laurenty Group","url":"https:\/\/laurenty.com\/","logo":{"@type":"ImageObject","inLanguage":"nl-BE","@id":"https:\/\/laurenty.com\/#\/schema\/logo\/image\/","url":"https:\/\/laurenty.com\/wp-content\/uploads\/2020\/06\/laurenty-group.png","contentUrl":"https:\/\/laurenty.com\/wp-content\/uploads\/2020\/06\/laurenty-group.png","width":549,"height":309,"caption":"Laurenty Group"},"image":{"@id":"https:\/\/laurenty.com\/#\/schema\/logo\/image\/"},"sameAs":["https:\/\/www.facebook.com\/LaurentyGroup","https:\/\/www.linkedin.com\/company\/laurentygroup\/","https:\/\/www.youtube.com\/channel\/UCirP1Sv08dx0mDNCnR-8XUQ"]}]}},"_links":{"self":[{"href":"https:\/\/laurenty.com\/nl\/wp-json\/wp\/v2\/pages\/23549","targetHints":{"allow":["GET"]}}],"collection":[{"href":"https:\/\/laurenty.com\/nl\/wp-json\/wp\/v2\/pages"}],"about":[{"href":"https:\/\/laurenty.com\/nl\/wp-json\/wp\/v2\/types\/page"}],"author":[{"embeddable":true,"href":"https:\/\/laurenty.com\/nl\/wp-json\/wp\/v2\/users\/1"}],"replies":[{"embeddable":true,"href":"https:\/\/laurenty.com\/nl\/wp-json\/wp\/v2\/comments?post=23549"}],"version-history":[{"count":6,"href":"https:\/\/laurenty.com\/nl\/wp-json\/wp\/v2\/pages\/23549\/revisions"}],"predecessor-version":[{"id":42290,"href":"https:\/\/laurenty.com\/nl\/wp-json\/wp\/v2\/pages\/23549\/revisions\/42290"}],"wp:attachment":[{"href":"https:\/\/laurenty.com\/nl\/wp-json\/wp\/v2\/media?parent=23549"}],"curies":[{"name":"wp","href":"https:\/\/api.w.org\/{rel}","templated":true}]}}