{"id":32865,"date":"2020-03-23T14:55:38","date_gmt":"2020-03-23T13:55:38","guid":{"rendered":"https:\/\/laurenty.com\/declaration-de-confidentialite\/"},"modified":"2024-04-10T15:23:06","modified_gmt":"2024-04-10T13:23:06","slug":"declaration-de-confidentialite","status":"publish","type":"page","link":"https:\/\/laurenty.com\/fr-fr\/declaration-de-confidentialite\/","title":{"rendered":"D\u00e9claration de confidentialit\u00e9 FR"},"content":{"rendered":"<p>[et_pb_section fb_built=\u00a0\u00bb1&Prime; _builder_version=\u00a0\u00bb4.16&Prime; background_color=\u00a0\u00bb#eb5d0b\u00a0\u00bb vertical_offset_tablet=\u00a0\u00bb0&Prime; horizontal_offset_tablet=\u00a0\u00bb0&Prime; custom_padding=\u00a0\u00bb||0px|\u00a0\u00bb z_index_tablet=\u00a0\u00bb0&Prime; box_shadow_horizontal_tablet=\u00a0\u00bb0px\u00a0\u00bb box_shadow_vertical_tablet=\u00a0\u00bb0px\u00a0\u00bb box_shadow_blur_tablet=\u00a0\u00bb40px\u00a0\u00bb box_shadow_spread_tablet=\u00a0\u00bb0px\u00a0\u00bb global_colors_info=\u00a0\u00bb{}\u00a0\u00bb][et_pb_row _builder_version=\u00a0\u00bb4.16&Prime; background_color=\u00a0\u00bb#ffffff\u00a0\u00bb vertical_offset_tablet=\u00a0\u00bb0&Prime; horizontal_offset_tablet=\u00a0\u00bb0&Prime; max_width=\u00a0\u00bb1265px\u00a0\u00bb module_alignment=\u00a0\u00bbcenter\u00a0\u00bb custom_padding=\u00a0\u00bb45px|45px|45px|45px\u00a0\u00bb z_index_tablet=\u00a0\u00bb0&Prime; box_shadow_horizontal_tablet=\u00a0\u00bb0px\u00a0\u00bb box_shadow_vertical_tablet=\u00a0\u00bb0px\u00a0\u00bb box_shadow_blur_tablet=\u00a0\u00bb40px\u00a0\u00bb box_shadow_spread_tablet=\u00a0\u00bb0px\u00a0\u00bb global_colors_info=\u00a0\u00bb{}\u00a0\u00bb][et_pb_column type=\u00a0\u00bb4_4&Prime; _builder_version=\u00a0\u00bb4.16&Prime; custom_padding=\u00a0\u00bb|||\u00a0\u00bb global_colors_info=\u00a0\u00bb{}\u00a0\u00bb custom_padding__hover=\u00a0\u00bb|||\u00a0\u00bb][et_pb_text _builder_version=\u00a0\u00bb4.16&Prime; vertical_offset_tablet=\u00a0\u00bb0&Prime; horizontal_offset_tablet=\u00a0\u00bb0&Prime; z_index_tablet=\u00a0\u00bb0&Prime; text_text_shadow_horizontal_length_tablet=\u00a0\u00bb0px\u00a0\u00bb text_text_shadow_vertical_length_tablet=\u00a0\u00bb0px\u00a0\u00bb text_text_shadow_blur_strength_tablet=\u00a0\u00bb1px\u00a0\u00bb link_text_shadow_horizontal_length_tablet=\u00a0\u00bb0px\u00a0\u00bb link_text_shadow_vertical_length_tablet=\u00a0\u00bb0px\u00a0\u00bb link_text_shadow_blur_strength_tablet=\u00a0\u00bb1px\u00a0\u00bb ul_text_shadow_horizontal_length_tablet=\u00a0\u00bb0px\u00a0\u00bb ul_text_shadow_vertical_length_tablet=\u00a0\u00bb0px\u00a0\u00bb ul_text_shadow_blur_strength_tablet=\u00a0\u00bb1px\u00a0\u00bb ol_text_shadow_horizontal_length_tablet=\u00a0\u00bb0px\u00a0\u00bb ol_text_shadow_vertical_length_tablet=\u00a0\u00bb0px\u00a0\u00bb ol_text_shadow_blur_strength_tablet=\u00a0\u00bb1px\u00a0\u00bb quote_text_shadow_horizontal_length_tablet=\u00a0\u00bb0px\u00a0\u00bb quote_text_shadow_vertical_length_tablet=\u00a0\u00bb0px\u00a0\u00bb quote_text_shadow_blur_strength_tablet=\u00a0\u00bb1px\u00a0\u00bb header_text_shadow_horizontal_length_tablet=\u00a0\u00bb0px\u00a0\u00bb header_text_shadow_vertical_length_tablet=\u00a0\u00bb0px\u00a0\u00bb header_text_shadow_blur_strength_tablet=\u00a0\u00bb1px\u00a0\u00bb header_2_text_shadow_horizontal_length_tablet=\u00a0\u00bb0px\u00a0\u00bb header_2_text_shadow_vertical_length_tablet=\u00a0\u00bb0px\u00a0\u00bb header_2_text_shadow_blur_strength_tablet=\u00a0\u00bb1px\u00a0\u00bb header_3_text_shadow_horizontal_length_tablet=\u00a0\u00bb0px\u00a0\u00bb header_3_text_shadow_vertical_length_tablet=\u00a0\u00bb0px\u00a0\u00bb header_3_text_shadow_blur_strength_tablet=\u00a0\u00bb1px\u00a0\u00bb header_4_text_shadow_horizontal_length_tablet=\u00a0\u00bb0px\u00a0\u00bb header_4_text_shadow_vertical_length_tablet=\u00a0\u00bb0px\u00a0\u00bb header_4_text_shadow_blur_strength_tablet=\u00a0\u00bb1px\u00a0\u00bb header_5_text_shadow_horizontal_length_tablet=\u00a0\u00bb0px\u00a0\u00bb header_5_text_shadow_vertical_length_tablet=\u00a0\u00bb0px\u00a0\u00bb header_5_text_shadow_blur_strength_tablet=\u00a0\u00bb1px\u00a0\u00bb header_6_text_shadow_horizontal_length_tablet=\u00a0\u00bb0px\u00a0\u00bb header_6_text_shadow_vertical_length_tablet=\u00a0\u00bb0px\u00a0\u00bb header_6_text_shadow_blur_strength_tablet=\u00a0\u00bb1px\u00a0\u00bb box_shadow_horizontal_tablet=\u00a0\u00bb0px\u00a0\u00bb box_shadow_vertical_tablet=\u00a0\u00bb0px\u00a0\u00bb box_shadow_blur_tablet=\u00a0\u00bb40px\u00a0\u00bb box_shadow_spread_tablet=\u00a0\u00bb0px\u00a0\u00bb global_colors_info=\u00a0\u00bb{}\u00a0\u00bb]<\/p>\n<h1>D\u00e9claration relative au traitement des donn\u00e9es \u00e0 caract\u00e8re personnel<\/h1>\n<h2>Qui sommes-nous ?<\/h2>\n<p>Laurenty Propret\u00e9 S.A.S.<br \/>Rue Becquerel, 165<br \/>59500 Douai (France)<br \/>SIREN 813917960<\/p>\n<p><a href=\"mailto:rgpd@laurenty.com\">rgpd@laurenty.com<\/a><\/p>\n<h2>Pourquoi traitons-nous vos donn\u00e9es ?<\/h2>\n<h3>Gestion des clients<\/h3>\n<p>Ex\u00e9cution d\u2019un contrat<br \/>Nous traitons ces donn\u00e9es \u00e0 caract\u00e8re personnel car nous en avons besoin pour ex\u00e9cuter un contrat entre nous et vous.<\/p>\n<table class=\"responsive-table\" style=\"border-collapse: collapse; width: 100%;\" border=\"1\">\n<tbody>\n<tr class=\"row_grey\">\n<td style=\"width: 25%;\">Quelles donn\u00e9es \u00e0 caract\u00e8re personnel?<\/td>\n<td style=\"width: 25%;\">Comment avons-nous obtenu ces donn\u00e9es?<\/td>\n<td style=\"width: 25%;\">Combien de temps?<\/td>\n<td style=\"width: 25%;\">Avec qui ces donn\u00e9es sont-elles partag\u00e9es?<\/td>\n<\/tr>\n<tr>\n<td style=\"width: 25%;\">Identification, identification \u00e9lectronique, contenu des communications, identifiants, donn\u00e9es financi\u00e8res, historique des commandes<\/td>\n<td style=\"width: 25%;\">Directement de la (des) personne(s) concern\u00e9e(s)<\/td>\n<td style=\"width: 25%;\">10 apr\u00e8s la fin du contrat<\/td>\n<td style=\"width: 25%;\">Des sous-traitants qui s\u2019occupent de notre infrastructure ICT<\/td>\n<\/tr>\n<\/tbody>\n<\/table>\n<h3>Gestion des fournisseurs<\/h3>\n<p>Ex\u00e9cution d\u2019un contrat<br \/>Nous traitons ces donn\u00e9es \u00e0 caract\u00e8re personnel car nous en avons besoin pour ex\u00e9cuter un contrat entre nous et vous.<\/p>\n<table class=\"responsive-table\" style=\"border-collapse: collapse; width: 100%;\" border=\"1\">\n<tbody>\n<tr class=\"row_grey\">\n<td style=\"width: 25%;\">Quelles donn\u00e9es \u00e0 caract\u00e8re personnel?<\/td>\n<td style=\"width: 25%;\">Comment avons-nous obtenu ces donn\u00e9es?<\/td>\n<td style=\"width: 25%;\">Combien de temps?<\/td>\n<td style=\"width: 25%;\">Avec qui ces donn\u00e9es sont-elles partag\u00e9es?<\/td>\n<\/tr>\n<tr>\n<td style=\"width: 25%;\">Identification, identification \u00e9lectronique, contenu des communications, identifiants, donn\u00e9es financi\u00e8res, historique des commandes<\/td>\n<td style=\"width: 25%;\">Directement de la (des) personne(s) concern\u00e9e(s)<\/td>\n<td style=\"width: 25%;\">10 apr\u00e8s la fin du contrat<\/td>\n<td style=\"width: 25%;\">Des sous-traitants qui s\u2019occupent de notre infrastructure ICT<\/td>\n<\/tr>\n<\/tbody>\n<\/table>\n<h3>Gestion des prospects B2B<\/h3>\n<p>Int\u00e9r\u00eat l\u00e9gitime<br \/>Nous traitons ces donn\u00e9es \u00e0 caract\u00e8re personnel car c\u2019est n\u00e9cessaire en vue d\u2019assurer la croissance de l\u2019entreprise.<\/p>\n<table class=\"responsive-table\" style=\"border-collapse: collapse; width: 100%;\" border=\"1\">\n<tbody>\n<tr class=\"row_grey\">\n<td style=\"width: 25%;\">Quelles donn\u00e9es \u00e0 caract\u00e8re personnel?<\/td>\n<td style=\"width: 25%;\">Comment avons-nous obtenu ces donn\u00e9es?<\/td>\n<td style=\"width: 25%;\">Combien de temps?<\/td>\n<td style=\"width: 25%;\">Avec qui ces donn\u00e9es sont-elles partag\u00e9es?<\/td>\n<\/tr>\n<tr>\n<td style=\"width: 25%;\">Identification, identification \u00e9lectronique, contenu des communications, identifiants, donn\u00e9es financi\u00e8res, historique des commandes<\/td>\n<td style=\"width: 25%;\">Directement de la (des) personne(s) concern\u00e9e(s), bases de donn\u00e9es publiques ou commerciales.<\/td>\n<td style=\"width: 25%;\">3 ans apr\u00e8s la derni\u00e8re r\u00e9ponse \u00e0 une sollicitation par le prospect<\/td>\n<td style=\"width: 25%;\">Des sous-traitants qui s\u2019occupent de notre infrastructure ICT<\/td>\n<\/tr>\n<\/tbody>\n<\/table>\n<h3>Lettres d\u2019information<\/h3>\n<p>Consentement si vous n\u2019\u00eates pas encore client.<br \/>Int\u00e9r\u00eat l\u00e9gitime lorsque vous \u00eates d\u00e9j\u00e0 client, nous traitons ces donn\u00e9es afin de vous informer relativement \u00e0 des produits et services similaires \u00e0 ceux que vous avez d\u00e9j\u00e0 command\u00e9 aupr\u00e8s de nous.<\/p>\n<table class=\"responsive-table\" style=\"border-collapse: collapse; width: 100%;\" border=\"1\">\n<tbody>\n<tr class=\"row_grey\">\n<td style=\"width: 25%;\">Quelles donn\u00e9es \u00e0 caract\u00e8re personnel?<\/td>\n<td style=\"width: 25%;\">Comment avons-nous obtenu ces donn\u00e9es?<\/td>\n<td style=\"width: 25%;\">Combien de temps?<\/td>\n<td style=\"width: 25%;\">Avec qui ces donn\u00e9es sont-elles partag\u00e9es?<\/td>\n<\/tr>\n<tr>\n<td style=\"width: 25%;\">Identification \u00e9lectronique<\/td>\n<td style=\"width: 25%;\">Directement de la (des) personne(s) concern\u00e9e(s)<\/td>\n<td style=\"width: 25%;\">Jusqu\u2019au d\u00e9sabonnement<\/td>\n<td style=\"width: 25%;\">Des sous-traitants qui s\u2019occupent de notre infrastructure ICT<\/td>\n<\/tr>\n<\/tbody>\n<\/table>\n<h3>Sites Internet<\/h3>\n<p>Lorsque vous visitez notre site Internet, nous traitons certaines donn\u00e9es \u00e0 caract\u00e8re personnel telles que des adresses IP et des cookies afin de garantir le bon fonctionnement et la s\u00e9curit\u00e9 de notre site Internet.<\/p>\n<p>Le traitement des donn\u00e9es \u00e0 caract\u00e8re personnel obtenues de cette mani\u00e8re se fonde sur l\u2019int\u00e9r\u00eat l\u00e9gitime en ce qui concerne la s\u00e9curit\u00e9 et le bon fonctionnement de notre site Internet et sur votre consentement en ce qui concerne l\u2019analyse de l\u2019utilisation de notre site Internet. Sauf pour les cookies n\u00e9cessaires, nous demandons toujours votre consentement. Vous trouverez ci-dessous le relev\u00e9 des cookies utilis\u00e9s sur notre site Internet.<\/p>\n<p>Vous trouverez plus d&rsquo;informations dans notre <a href=\"\/fr-fr\/politique-de-cookie\/\">Politique en mati\u00e8re de cookies<\/a>.<\/p>\n<table class=\"responsive-table\" style=\"border-collapse: collapse; width: 100%;\" border=\"1\">\n<tbody>\n<tr class=\"row_grey\">\n<td style=\"width: 25%;\">Quelles donn\u00e9es \u00e0 caract\u00e8re personnel?<\/td>\n<td style=\"width: 25%;\">Comment avons-nous obtenu ces donn\u00e9es?<\/td>\n<td style=\"width: 25%;\">Combien de temps?<\/td>\n<td style=\"width: 25%;\">Avec qui ces donn\u00e9es sont-elles partag\u00e9es?<\/td>\n<\/tr>\n<tr>\n<td style=\"width: 25%;\">Identifiant \u00e9lectronique (adresse IP) et donn\u00e9es de connexion (logs)<\/td>\n<td style=\"width: 25%;\">Connexions internet et site web<\/td>\n<td style=\"width: 25%;\">Aussi longtemps que n\u00e9cessaire pour la s\u00e9curit\u00e9 du site ou pour son bon fonctionnement et son utilisation par le visiteur concern\u00e9<\/td>\n<td style=\"width: 25%;\">Des sous-traitants qui s\u2019occupent de notre infrastructure ICT<\/td>\n<\/tr>\n<\/tbody>\n<\/table>\n<h3>Quels sont vos droits et comment les exercer ?<\/h3>\n<p>Si vous avez une plainte, une question ou un probl\u00e8me concernant la mani\u00e8re dont nous utilisons vos donn\u00e9es \u00e0 caract\u00e8re personnel, vous pouvez nous contacter en \u00e9crivant \u00e0 :<\/p>\n<p>Laurenty Propret\u00e9 S.A.S.<br \/>Rue Becquerel, 165<br \/>59500 Douai (France)<\/p>\n<p><a href=\"mailto:rgpd@laurenty.com\">rgpd@laurenty.com<\/a><\/p>\n<p>Vous avez \u00e9galement le droit d\u2019introduire une r\u00e9clamation aupr\u00e8s d\u2019une autorit\u00e9 de contr\u00f4le :<\/p>\n<p>Commission nationale de l\u2019informatique et des libert\u00e9s<br \/>Service des plaintes<br \/>3 Place de Fontenoy<br \/>TSA80715<br \/>75334 PARIS CEDEX 07<br \/>+33 (0)1 53 73 22 22<br \/><a href=\"https:\/\/www.cnil.fr\/fr\/plaintes\" target=\"_blank\" rel=\"noopener\">https:\/\/www.cnil.fr\/fr\/plaintes<\/a><\/p>\n<p>Si vous nous contactez afin d&rsquo;exercer vos droits, nous vous r\u00e9pondrons dans un d\u00e9lai d&rsquo;1 mois. Exceptionnellement, ce d\u00e9lai peut \u00eatre allong\u00e9 (jusqu&rsquo;\u00e0 maximum 3 mois), mais nous vous en donnons alors la raison dans un d\u00e9lai d&rsquo;1 mois. Le fait de pouvoir ou non exercer vos droits d\u00e9pend du traitement et de la base juridique.<\/p>\n<p>Veillez \u00e0 toujours formuler clairement quel droit vous souhaitez exercer et la mani\u00e8re dont vous souhaitez recevoir les informations (par ex. par e-mail, par la poste, verbalement, &#8230;). Tenez compte du fait que dans certains cas, nous avons besoin d\u2019informations compl\u00e9mentaires. Nous voulons nous assurer que nous aidons la bonne personne.<\/p>\n<h3>Droit d&rsquo;acc\u00e8s<\/h3>\n<p>Vous avez le droit de nous interroger sur les donn\u00e9es \u00e0 caract\u00e8re personnel dont nous disposons \u00e0 votre sujet. Nous pouvons vous en fournir une copie gratuitement, mais ce n\u2019est pas possible pour tous les documents. Nous entendons en effet aussi respecter les droits et libert\u00e9s d\u2019autrui.<\/p>\n<h3>Droit de rectification<\/h3>\n<p>Vous pensez que vos donn\u00e9es ne sont pas exactes ou actuelles ? Vous avez le droit de nous demander de les corriger.<\/p>\n<h3>Droit d&rsquo;opposition<\/h3>\n<p>Vous avez le droit de nous demander d&rsquo;arr\u00eater de traiter vos donn\u00e9es \u00e0 caract\u00e8re personnel.<\/p>\n<h3>Droit \u00e0 la limitation du traitement<\/h3>\n<p>Vous pouvez nous demander de limiter le traitement de vos donn\u00e9es \u00e0 caract\u00e8re personnel, par exemple lorsque nous v\u00e9rifions l\u2019exactitude de vos donn\u00e9es \u00e0 caract\u00e8re personnel.<\/p>\n<h3>Droit \u00e0 l&rsquo;oubli ou \u00e0 la suppression<\/h3>\n<p>Vous avez le droit de nous demander de supprimer vos donn\u00e9es \u00e0 caract\u00e8re personnel. Si nous sommes l\u00e9galement oblig\u00e9s de conserver certaines donn\u00e9es \u00e0 caract\u00e8re personnel, nous ne pouvons toutefois pas satisfaire \u00e0 cette demande.<\/p>\n<h3>Droit de retrait de votre consentement<\/h3>\n<p>En cas de traitements de donn\u00e9es \u00e0 caract\u00e8re personnel bas\u00e9s sur votre consentement, ce consentement peut \u00eatre retir\u00e9.<\/p>\n<p>Vous pouvez, en principe, exercer ces droits sans frais. Veuillez toutefois noter que le traitement des demandes externes, qui s\u2019av\u00e8rent infond\u00e9es ou excessives, peut parfois \u00eatre soumis \u00e0 des frais administratifs raisonnables.<\/p>\n<p>Veuillez noter que certaines donn\u00e9es personnelles peuvent \u00eatre exempt\u00e9es des droits d\u2019acc\u00e8s, de rectification, d\u2019opposition, de suppression, de limitation ou de portabilit\u00e9 conform\u00e9ment aux Lois sur la protection des donn\u00e9es personnelles ou d\u2019autres l\u00e9gislations.<\/p>\n<h3>Modification de cette D\u00e9claration de protection des donn\u00e9es \u00e0 caract\u00e8re personnel<\/h3>\n<p>Nous examinons r\u00e9guli\u00e8rement cette Politique vie priv\u00e9e et nous r\u00e9servons d\u2019y apporter des changements \u00e0 tout moment pour prendre en compte des changements dans nos activit\u00e9s ou de nouvelles exigences l\u00e9gales.<\/p>\n<p>[\/et_pb_text][\/et_pb_column][\/et_pb_row][\/et_pb_section]<\/p>\n","protected":false},"excerpt":{"rendered":"<p>D\u00e9claration relative au traitement des donn\u00e9es \u00e0 caract\u00e8re personnel Qui sommes-nous ? Laurenty Propret\u00e9 S.A.S.Rue Becquerel, 16559500 Douai (France)SIREN 813917960 rgpd@laurenty.com Pourquoi traitons-nous vos donn\u00e9es ? Gestion des clients Ex\u00e9cution d\u2019un contratNous traitons ces donn\u00e9es \u00e0 caract\u00e8re personnel car nous en avons besoin pour ex\u00e9cuter un contrat entre nous et vous. Quelles donn\u00e9es \u00e0 caract\u00e8re [&hellip;]<\/p>\n","protected":false},"author":1,"featured_media":0,"parent":0,"menu_order":0,"comment_status":"closed","ping_status":"closed","template":"","meta":{"_et_pb_use_builder":"on","_et_pb_old_content":"","_et_gb_content_width":"","footnotes":""},"class_list":["post-32865","page","type-page","status-publish","hentry"],"yoast_head":"<!-- This site is optimized with the Yoast SEO plugin v27.4 - https:\/\/yoast.com\/product\/yoast-seo-wordpress\/ -->\n<title>D\u00e9claration de confidentialit\u00e9 - Laurenty France (Reims,Lille,Douai)<\/title>\n<meta name=\"description\" content=\"D\u00e9claration de confidentialit\u00e9 avec Laurenty entreprise de nettoyage ou de services en France ( Reims, Lille et Douai)\" \/>\n<meta name=\"robots\" content=\"index, follow, max-snippet:-1, max-image-preview:large, max-video-preview:-1\" \/>\n<link rel=\"canonical\" href=\"https:\/\/laurenty.com\/fr-fr\/declaration-de-confidentialite\/\" \/>\n<meta property=\"og:locale\" content=\"fr_FR\" \/>\n<meta property=\"og:type\" content=\"article\" \/>\n<meta property=\"og:title\" content=\"D\u00e9claration de confidentialit\u00e9 - Laurenty France (Reims,Lille,Douai)\" \/>\n<meta property=\"og:description\" content=\"D\u00e9claration de confidentialit\u00e9 avec Laurenty entreprise de nettoyage ou de services en France ( Reims, Lille et Douai)\" \/>\n<meta property=\"og:url\" content=\"https:\/\/laurenty.com\/fr-fr\/declaration-de-confidentialite\/\" \/>\n<meta property=\"og:site_name\" content=\"Laurenty\" \/>\n<meta property=\"article:publisher\" content=\"https:\/\/www.facebook.com\/LaurentyGroup\" \/>\n<meta property=\"article:modified_time\" content=\"2024-04-10T13:23:06+00:00\" \/>\n<meta property=\"og:image\" content=\"https:\/\/laurenty.com\/wp-content\/uploads\/2021\/11\/laurenty-banner-reseaux-sociaux.jpg\" \/>\n\t<meta property=\"og:image:width\" content=\"1200\" \/>\n\t<meta property=\"og:image:height\" content=\"630\" \/>\n\t<meta property=\"og:image:type\" content=\"image\/jpeg\" \/>\n<meta name=\"twitter:card\" content=\"summary_large_image\" \/>\n<meta name=\"twitter:label1\" content=\"Dur\u00e9e de lecture estim\u00e9e\" \/>\n\t<meta name=\"twitter:data1\" content=\"6 minutes\" \/>\n<script type=\"application\/ld+json\" class=\"yoast-schema-graph\">{\"@context\":\"https:\\\/\\\/schema.org\",\"@graph\":[{\"@type\":\"WebPage\",\"@id\":\"https:\\\/\\\/laurenty.com\\\/fr-fr\\\/declaration-de-confidentialite\\\/\",\"url\":\"https:\\\/\\\/laurenty.com\\\/fr-fr\\\/declaration-de-confidentialite\\\/\",\"name\":\"D\u00e9claration de confidentialit\u00e9 - Laurenty France (Reims,Lille,Douai)\",\"isPartOf\":{\"@id\":\"https:\\\/\\\/laurenty.com\\\/#website\"},\"datePublished\":\"2020-03-23T13:55:38+00:00\",\"dateModified\":\"2024-04-10T13:23:06+00:00\",\"description\":\"D\u00e9claration de confidentialit\u00e9 avec Laurenty entreprise de nettoyage ou de services en France ( Reims, Lille et Douai)\",\"breadcrumb\":{\"@id\":\"https:\\\/\\\/laurenty.com\\\/fr-fr\\\/declaration-de-confidentialite\\\/#breadcrumb\"},\"inLanguage\":\"fr-FR\",\"potentialAction\":[{\"@type\":\"ReadAction\",\"target\":[\"https:\\\/\\\/laurenty.com\\\/fr-fr\\\/declaration-de-confidentialite\\\/\"]}]},{\"@type\":\"BreadcrumbList\",\"@id\":\"https:\\\/\\\/laurenty.com\\\/fr-fr\\\/declaration-de-confidentialite\\\/#breadcrumb\",\"itemListElement\":[{\"@type\":\"ListItem\",\"position\":1,\"name\":\"Accueil\",\"item\":\"https:\\\/\\\/laurenty.com\\\/fr-fr\\\/\"},{\"@type\":\"ListItem\",\"position\":2,\"name\":\"D\u00e9claration de confidentialit\u00e9 FR\"}]},{\"@type\":\"WebSite\",\"@id\":\"https:\\\/\\\/laurenty.com\\\/#website\",\"url\":\"https:\\\/\\\/laurenty.com\\\/\",\"name\":\"Laurenty Group\",\"description\":\"Entreprise de nettoyage et de services en Belgique, en France et au Luxembourg\",\"publisher\":{\"@id\":\"https:\\\/\\\/laurenty.com\\\/#organization\"},\"potentialAction\":[{\"@type\":\"SearchAction\",\"target\":{\"@type\":\"EntryPoint\",\"urlTemplate\":\"https:\\\/\\\/laurenty.com\\\/?s={search_term_string}\"},\"query-input\":{\"@type\":\"PropertyValueSpecification\",\"valueRequired\":true,\"valueName\":\"search_term_string\"}}],\"inLanguage\":\"fr-FR\"},{\"@type\":\"Organization\",\"@id\":\"https:\\\/\\\/laurenty.com\\\/#organization\",\"name\":\"Laurenty Group\",\"url\":\"https:\\\/\\\/laurenty.com\\\/\",\"logo\":{\"@type\":\"ImageObject\",\"inLanguage\":\"fr-FR\",\"@id\":\"https:\\\/\\\/laurenty.com\\\/#\\\/schema\\\/logo\\\/image\\\/\",\"url\":\"https:\\\/\\\/laurenty.com\\\/wp-content\\\/uploads\\\/2020\\\/06\\\/laurenty-group.png\",\"contentUrl\":\"https:\\\/\\\/laurenty.com\\\/wp-content\\\/uploads\\\/2020\\\/06\\\/laurenty-group.png\",\"width\":549,\"height\":309,\"caption\":\"Laurenty Group\"},\"image\":{\"@id\":\"https:\\\/\\\/laurenty.com\\\/#\\\/schema\\\/logo\\\/image\\\/\"},\"sameAs\":[\"https:\\\/\\\/www.facebook.com\\\/LaurentyGroup\",\"https:\\\/\\\/www.linkedin.com\\\/company\\\/laurentygroup\\\/\",\"https:\\\/\\\/www.youtube.com\\\/channel\\\/UCirP1Sv08dx0mDNCnR-8XUQ\"]}]}<\/script>\n<!-- \/ Yoast SEO plugin. -->","yoast_head_json":{"title":"D\u00e9claration de confidentialit\u00e9 - Laurenty France (Reims,Lille,Douai)","description":"D\u00e9claration de confidentialit\u00e9 avec Laurenty entreprise de nettoyage ou de services en France ( Reims, Lille et Douai)","robots":{"index":"index","follow":"follow","max-snippet":"max-snippet:-1","max-image-preview":"max-image-preview:large","max-video-preview":"max-video-preview:-1"},"canonical":"https:\/\/laurenty.com\/fr-fr\/declaration-de-confidentialite\/","og_locale":"fr_FR","og_type":"article","og_title":"D\u00e9claration de confidentialit\u00e9 - Laurenty France (Reims,Lille,Douai)","og_description":"D\u00e9claration de confidentialit\u00e9 avec Laurenty entreprise de nettoyage ou de services en France ( Reims, Lille et Douai)","og_url":"https:\/\/laurenty.com\/fr-fr\/declaration-de-confidentialite\/","og_site_name":"Laurenty","article_publisher":"https:\/\/www.facebook.com\/LaurentyGroup","article_modified_time":"2024-04-10T13:23:06+00:00","og_image":[{"width":1200,"height":630,"url":"https:\/\/laurenty.com\/wp-content\/uploads\/2021\/11\/laurenty-banner-reseaux-sociaux.jpg","type":"image\/jpeg"}],"twitter_card":"summary_large_image","twitter_misc":{"Dur\u00e9e de lecture estim\u00e9e":"6 minutes"},"schema":{"@context":"https:\/\/schema.org","@graph":[{"@type":"WebPage","@id":"https:\/\/laurenty.com\/fr-fr\/declaration-de-confidentialite\/","url":"https:\/\/laurenty.com\/fr-fr\/declaration-de-confidentialite\/","name":"D\u00e9claration de confidentialit\u00e9 - Laurenty France (Reims,Lille,Douai)","isPartOf":{"@id":"https:\/\/laurenty.com\/#website"},"datePublished":"2020-03-23T13:55:38+00:00","dateModified":"2024-04-10T13:23:06+00:00","description":"D\u00e9claration de confidentialit\u00e9 avec Laurenty entreprise de nettoyage ou de services en France ( Reims, Lille et Douai)","breadcrumb":{"@id":"https:\/\/laurenty.com\/fr-fr\/declaration-de-confidentialite\/#breadcrumb"},"inLanguage":"fr-FR","potentialAction":[{"@type":"ReadAction","target":["https:\/\/laurenty.com\/fr-fr\/declaration-de-confidentialite\/"]}]},{"@type":"BreadcrumbList","@id":"https:\/\/laurenty.com\/fr-fr\/declaration-de-confidentialite\/#breadcrumb","itemListElement":[{"@type":"ListItem","position":1,"name":"Accueil","item":"https:\/\/laurenty.com\/fr-fr\/"},{"@type":"ListItem","position":2,"name":"D\u00e9claration de confidentialit\u00e9 FR"}]},{"@type":"WebSite","@id":"https:\/\/laurenty.com\/#website","url":"https:\/\/laurenty.com\/","name":"Laurenty Group","description":"Entreprise de nettoyage et de services en Belgique, en France et au Luxembourg","publisher":{"@id":"https:\/\/laurenty.com\/#organization"},"potentialAction":[{"@type":"SearchAction","target":{"@type":"EntryPoint","urlTemplate":"https:\/\/laurenty.com\/?s={search_term_string}"},"query-input":{"@type":"PropertyValueSpecification","valueRequired":true,"valueName":"search_term_string"}}],"inLanguage":"fr-FR"},{"@type":"Organization","@id":"https:\/\/laurenty.com\/#organization","name":"Laurenty Group","url":"https:\/\/laurenty.com\/","logo":{"@type":"ImageObject","inLanguage":"fr-FR","@id":"https:\/\/laurenty.com\/#\/schema\/logo\/image\/","url":"https:\/\/laurenty.com\/wp-content\/uploads\/2020\/06\/laurenty-group.png","contentUrl":"https:\/\/laurenty.com\/wp-content\/uploads\/2020\/06\/laurenty-group.png","width":549,"height":309,"caption":"Laurenty Group"},"image":{"@id":"https:\/\/laurenty.com\/#\/schema\/logo\/image\/"},"sameAs":["https:\/\/www.facebook.com\/LaurentyGroup","https:\/\/www.linkedin.com\/company\/laurentygroup\/","https:\/\/www.youtube.com\/channel\/UCirP1Sv08dx0mDNCnR-8XUQ"]}]}},"_links":{"self":[{"href":"https:\/\/laurenty.com\/fr-fr\/wp-json\/wp\/v2\/pages\/32865","targetHints":{"allow":["GET"]}}],"collection":[{"href":"https:\/\/laurenty.com\/fr-fr\/wp-json\/wp\/v2\/pages"}],"about":[{"href":"https:\/\/laurenty.com\/fr-fr\/wp-json\/wp\/v2\/types\/page"}],"author":[{"embeddable":true,"href":"https:\/\/laurenty.com\/fr-fr\/wp-json\/wp\/v2\/users\/1"}],"replies":[{"embeddable":true,"href":"https:\/\/laurenty.com\/fr-fr\/wp-json\/wp\/v2\/comments?post=32865"}],"version-history":[{"count":5,"href":"https:\/\/laurenty.com\/fr-fr\/wp-json\/wp\/v2\/pages\/32865\/revisions"}],"predecessor-version":[{"id":71316,"href":"https:\/\/laurenty.com\/fr-fr\/wp-json\/wp\/v2\/pages\/32865\/revisions\/71316"}],"wp:attachment":[{"href":"https:\/\/laurenty.com\/fr-fr\/wp-json\/wp\/v2\/media?parent=32865"}],"curies":[{"name":"wp","href":"https:\/\/api.w.org\/{rel}","templated":true}]}}