{"id":32864,"date":"2020-03-23T14:57:56","date_gmt":"2020-03-23T13:57:56","guid":{"rendered":"https:\/\/laurenty.com\/conditions-generales\/"},"modified":"2023-10-09T16:32:39","modified_gmt":"2023-10-09T14:32:39","slug":"conditions-generales","status":"publish","type":"page","link":"https:\/\/laurenty.com\/fr-fr\/conditions-generales\/","title":{"rendered":"Conditions g\u00e9n\u00e9rales FR"},"content":{"rendered":"<p>[et_pb_section fb_built=\u00a0\u00bb1&Prime; _builder_version=\u00a0\u00bb4.16&Prime; background_color=\u00a0\u00bb#eb5d0b\u00a0\u00bb vertical_offset_tablet=\u00a0\u00bb0&Prime; horizontal_offset_tablet=\u00a0\u00bb0&Prime; custom_padding=\u00a0\u00bb||0px|\u00a0\u00bb z_index_tablet=\u00a0\u00bb0&Prime; box_shadow_horizontal_tablet=\u00a0\u00bb0px\u00a0\u00bb box_shadow_vertical_tablet=\u00a0\u00bb0px\u00a0\u00bb box_shadow_blur_tablet=\u00a0\u00bb40px\u00a0\u00bb box_shadow_spread_tablet=\u00a0\u00bb0px\u00a0\u00bb global_colors_info=\u00a0\u00bb{}\u00a0\u00bb][et_pb_row _builder_version=\u00a0\u00bb4.16&Prime; background_color=\u00a0\u00bb#ffffff\u00a0\u00bb vertical_offset_tablet=\u00a0\u00bb0&Prime; horizontal_offset_tablet=\u00a0\u00bb0&Prime; max_width=\u00a0\u00bb1265px\u00a0\u00bb module_alignment=\u00a0\u00bbcenter\u00a0\u00bb custom_padding=\u00a0\u00bb45px|45px|45px|45px\u00a0\u00bb z_index_tablet=\u00a0\u00bb0&Prime; box_shadow_horizontal_tablet=\u00a0\u00bb0px\u00a0\u00bb box_shadow_vertical_tablet=\u00a0\u00bb0px\u00a0\u00bb box_shadow_blur_tablet=\u00a0\u00bb40px\u00a0\u00bb box_shadow_spread_tablet=\u00a0\u00bb0px\u00a0\u00bb global_colors_info=\u00a0\u00bb{}\u00a0\u00bb][et_pb_column type=\u00a0\u00bb4_4&Prime; _builder_version=\u00a0\u00bb4.16&Prime; custom_padding=\u00a0\u00bb|||\u00a0\u00bb global_colors_info=\u00a0\u00bb{}\u00a0\u00bb custom_padding__hover=\u00a0\u00bb|||\u00a0\u00bb][et_pb_text _builder_version=\u00a0\u00bb4.22.1&Prime; vertical_offset_tablet=\u00a0\u00bb0&Prime; horizontal_offset_tablet=\u00a0\u00bb0&Prime; hover_enabled=\u00a0\u00bb0&Prime; z_index_tablet=\u00a0\u00bb0&Prime; text_text_shadow_horizontal_length_tablet=\u00a0\u00bb0px\u00a0\u00bb text_text_shadow_vertical_length_tablet=\u00a0\u00bb0px\u00a0\u00bb text_text_shadow_blur_strength_tablet=\u00a0\u00bb1px\u00a0\u00bb link_text_shadow_horizontal_length_tablet=\u00a0\u00bb0px\u00a0\u00bb link_text_shadow_vertical_length_tablet=\u00a0\u00bb0px\u00a0\u00bb link_text_shadow_blur_strength_tablet=\u00a0\u00bb1px\u00a0\u00bb ul_text_shadow_horizontal_length_tablet=\u00a0\u00bb0px\u00a0\u00bb ul_text_shadow_vertical_length_tablet=\u00a0\u00bb0px\u00a0\u00bb ul_text_shadow_blur_strength_tablet=\u00a0\u00bb1px\u00a0\u00bb ol_text_shadow_horizontal_length_tablet=\u00a0\u00bb0px\u00a0\u00bb ol_text_shadow_vertical_length_tablet=\u00a0\u00bb0px\u00a0\u00bb ol_text_shadow_blur_strength_tablet=\u00a0\u00bb1px\u00a0\u00bb quote_text_shadow_horizontal_length_tablet=\u00a0\u00bb0px\u00a0\u00bb quote_text_shadow_vertical_length_tablet=\u00a0\u00bb0px\u00a0\u00bb quote_text_shadow_blur_strength_tablet=\u00a0\u00bb1px\u00a0\u00bb header_text_shadow_horizontal_length_tablet=\u00a0\u00bb0px\u00a0\u00bb header_text_shadow_vertical_length_tablet=\u00a0\u00bb0px\u00a0\u00bb header_text_shadow_blur_strength_tablet=\u00a0\u00bb1px\u00a0\u00bb header_2_text_shadow_horizontal_length_tablet=\u00a0\u00bb0px\u00a0\u00bb header_2_text_shadow_vertical_length_tablet=\u00a0\u00bb0px\u00a0\u00bb header_2_text_shadow_blur_strength_tablet=\u00a0\u00bb1px\u00a0\u00bb header_3_text_shadow_horizontal_length_tablet=\u00a0\u00bb0px\u00a0\u00bb header_3_text_shadow_vertical_length_tablet=\u00a0\u00bb0px\u00a0\u00bb header_3_text_shadow_blur_strength_tablet=\u00a0\u00bb1px\u00a0\u00bb header_4_text_shadow_horizontal_length_tablet=\u00a0\u00bb0px\u00a0\u00bb header_4_text_shadow_vertical_length_tablet=\u00a0\u00bb0px\u00a0\u00bb header_4_text_shadow_blur_strength_tablet=\u00a0\u00bb1px\u00a0\u00bb header_5_text_shadow_horizontal_length_tablet=\u00a0\u00bb0px\u00a0\u00bb header_5_text_shadow_vertical_length_tablet=\u00a0\u00bb0px\u00a0\u00bb header_5_text_shadow_blur_strength_tablet=\u00a0\u00bb1px\u00a0\u00bb header_6_text_shadow_horizontal_length_tablet=\u00a0\u00bb0px\u00a0\u00bb header_6_text_shadow_vertical_length_tablet=\u00a0\u00bb0px\u00a0\u00bb header_6_text_shadow_blur_strength_tablet=\u00a0\u00bb1px\u00a0\u00bb box_shadow_horizontal_tablet=\u00a0\u00bb0px\u00a0\u00bb box_shadow_vertical_tablet=\u00a0\u00bb0px\u00a0\u00bb box_shadow_blur_tablet=\u00a0\u00bb40px\u00a0\u00bb box_shadow_spread_tablet=\u00a0\u00bb0px\u00a0\u00bb global_colors_info=\u00a0\u00bb{}\u00a0\u00bb sticky_enabled=\u00a0\u00bb0&Prime;]<\/p>\n<h1 data-fontsize=\"60\" data-lineheight=\"84\">CONDITIONS G\u00c9N\u00c9RALES<strong>\u00a0<\/strong><\/h1>\n<ol>\n<li style=\"text-align: justify;\">Sauf stipulation contraire, un abonnement d\u2019entretien ou de nettoyage prend cours pour une dur\u00e9e d\u2019un an d\u00e8s la r\u00e9ception par le client ou son mandataire de la premi\u00e8re ex\u00e9cution des travaux et cet abonnement sera renouvel\u00e9 d\u2019ann\u00e9e en ann\u00e9e par tacite reconduction, \u00e0 d\u00e9faut d\u2019un pr\u00e9avis notifi\u00e9 par voie recommand\u00e9e par l\u2019une ou l\u2019autre des parties, trois mois avant l\u2019\u00e9ch\u00e9ance annuelle.<\/li>\n<\/ol>\n<ol style=\"text-align: justify;\" start=\"2\">\n<li>Le co\u00fbt des travaux effectu\u00e9s en vertu d\u2019un abonnement annuel est d\u00fb d\u00e8s la prise en cours de cet abonnement ; toutefois, le prix d\u00fb pour les prestations ne viendra \u00e0 \u00e9ch\u00e9ance qu\u2019\u00e0 chaque facturation mensuelle, moment auquel chaque paiement se fera au comptant sur simple pr\u00e9sentation de la facture.<\/li>\n<\/ol>\n<ol style=\"text-align: justify;\" start=\"3\">\n<li>Tous autres travaux sont payables au comptant sur simple pr\u00e9sentation de la facture, sauf stipulation contraire de commun accord act\u00e9e \u00e0 la signature du contrat.<\/li>\n<\/ol>\n<ol style=\"text-align: justify;\" start=\"4\">\n<li>Toute somme non pay\u00e9e \u00e0 son \u00e9ch\u00e9ance normale, c\u2019est-\u00e0-dire au comptant sur simple pr\u00e9sentation de la facture, sauf stipulation contraire de commun accord act\u00e9e \u00e0 la signature du contrat, portera de plein droit et sans mise en demeure, des int\u00e9r\u00eats dont le taux sera sup\u00e9rieur de cinq points au taux de l\u2019int\u00e9r\u00eat l\u00e9gal (soit le taux l\u00e9gal major\u00e9) fix\u00e9 par la Banque de France \u00e0 cette date.<\/li>\n<\/ol>\n<ol style=\"text-align: justify;\" start=\"5\">\n<li>Le d\u00e9biteur sera mis en demeure sans qu&rsquo;il soit besoin d\u2019acte et par la seule arriv\u00e9e du terme.<br \/>Le forfait mensuel d\u2019entretien \u00e9tabli \u00e0 l\u2019origine est fix\u00e9 compte tenu, d\u2019une part, des jours f\u00e9ri\u00e9s l\u00e9gaux ainsi que, d\u2019autre part, de la p\u00e9riode des cong\u00e9s \u00e9ventuellement d\u2019application chez le client lui-m\u00eame, p\u00e9riodes pendant lesquelles le travail de la soci\u00e9t\u00e9 Laurenty Propret\u00e9 doit \u00eatre suspendu.<\/li>\n<\/ol>\n<ol style=\"text-align: justify;\" start=\"6\">\n<li>Toute modification des salaires, du prix des mat\u00e9riaux ou de leur transport, survenant en cours de contrat, de m\u00eame que toute taxation nouvelle ou toute modification des charges sociales, impos\u00e9es en vertu d\u2019une disposition l\u00e9gale ou r\u00e9glementaire et ce, toujours en cours de contrat, donne lieu \u00e0 un ajustement proportionnel de prix ou de tarif, ceux-ci \u00e9tant d\u2019application d\u00e8s la premi\u00e8re facturation ult\u00e9rieure, sauf stipulation contraire de commun accord act\u00e9e \u00e0 la signature du contrat.<\/li>\n<\/ol>\n<ol style=\"text-align: justify;\" start=\"7\">\n<li>De m\u00eame, les prix ou tarifs seront proportionnellement ajust\u00e9s dans l\u2019hypoth\u00e8se o\u00f9 les changements de conditions ci-dessus mentionn\u00e9s seraient intervenus moins de quinze jours avant la remise des offres au client par la soci\u00e9t\u00e9 Laurenty Propret\u00e9 et ne seraient pas encore connus de cette derni\u00e8re au moment de sa remise d\u2019offre.<\/li>\n<\/ol>\n<ol style=\"text-align: justify;\" start=\"8\">\n<li>Toute r\u00e9clamation pour \u00eatre valable, doit \u00eatre notifi\u00e9e par \u00e9crit et par voie recommand\u00e9e dans les 48 heures qui suivent l\u2019ex\u00e9cution des travaux, pass\u00e9 ce d\u00e9lai, le travail est consid\u00e9r\u00e9 comme ayant \u00e9t\u00e9 ex\u00e9cut\u00e9 \u00e0 l\u2019enti\u00e8re satisfaction du client et comme ratifi\u00e9 par celui-ci.<\/li>\n<\/ol>\n<ol style=\"text-align: justify;\" start=\"9\">\n<li>Les travaux seront suspendus pour tous cas de force majeure (gr\u00e8ves, circonstances atmosph\u00e9riques, accidents ou autre \u00e9v\u00e8nement impr\u00e9vu).<\/li>\n<\/ol>\n<ol style=\"text-align: justify;\" start=\"10\">\n<li>La soci\u00e9t\u00e9 Laurenty Propret\u00e9 d\u00e9cline toute responsabilit\u00e9 \u2013 sauf stipulation contraire express\u00e9ment pr\u00e9vue dans le devis \u2013 pour bris de n\u00e9ons, enseignes faisant l\u2019objet de ses nettoyages ou pour d\u00e9t\u00e9rioration quelconque de tous objets emp\u00eachant l\u2019ex\u00e9cution normale des travaux. Il en est de m\u00eame pour bris et d\u00e9g\u00e2ts provenant du mauvais \u00e9tat des b\u00e2timents, mobilier ou mat\u00e9riel, pour les griffes aux vitres et aux glaces.<\/li>\n<\/ol>\n<ol style=\"text-align: justify;\" start=\"11\">\n<li>A d\u00e9faut d\u2019autorisation pr\u00e9alable et \u00e9crite de la soci\u00e9t\u00e9 Laurenty Propret\u00e9, le personnel de celle-ci n\u2019est pas autoris\u00e9 \u00e0 effectuer d\u2019autres travaux que ceux vis\u00e9s au devis fussent-ils m\u00eame accessoires ou de courte dur\u00e9e.<\/li>\n<\/ol>\n<ol style=\"text-align: justify;\" start=\"12\">\n<li>La fourniture de l\u2019eau et du courant \u00e9lectrique est \u00e0 charge du client.<\/li>\n<\/ol>\n<ol style=\"text-align: justify;\" start=\"13\">\n<li>La soci\u00e9t\u00e9 Laurenty Propret\u00e9 ex\u00e9cute les travaux suivant un horaire \u00e9tabli de commun accord. Si pour des raisons quelconques, le client modifiait ou emp\u00eachait de sa seule initiative l\u2019ex\u00e9cution des travaux selon l\u2019horaire originairement \u00e9tabli, la soci\u00e9t\u00e9 Laurenty Propret\u00e9 se r\u00e9serve le droit de lui r\u00e9clamer telle indemnit\u00e9 que de droit en r\u00e9paration du pr\u00e9judice caus\u00e9.<\/li>\n<\/ol>\n<ol style=\"text-align: justify;\" start=\"14\">\n<li>En cas de litige, seuls les Tribunaux de Douai sont comp\u00e9tents.<\/li>\n<\/ol>\n<ol style=\"text-align: justify;\" start=\"15\">\n<li>Toute facture exigible et dont le montant n\u2019est pas r\u00e9gl\u00e9 \u00e0 l\u2019\u00e9ch\u00e9ance sera major\u00e9e d\u2019une indemnit\u00e9 forfaitaire et irr\u00e9ductible \u00e9gale \u00e0 15 % du montant d\u00fb.Cette indemnit\u00e9 sera due de plein droit et sans mise en demeure pr\u00e9alable.<\/li>\n<\/ol>\n<ol start=\"16\">\n<li style=\"text-align: justify;\">L\u2019ex\u00e9cution des travaux a pour effet de mettre en rapport le personnel de la soci\u00e9t\u00e9 Laurenty Propret\u00e9 et sa client\u00e8le. Le client prend l\u2019engagement formel de n\u2019engager \u00e0 son service sous quelque motif que ce soit, aucun membre du dit personnel avant qu\u2019il ne se soit \u00e9coul\u00e9 un d\u00e9lai de six mois \u00e0 dater de la rupture du contrat de travail intervenue entre la soci\u00e9t\u00e9 Laurenty Propret\u00e9 et son ouvrier(\u00e8re). La violation de cette obligation conventionnelle constitue un acte de d\u00e9bauche d\u00e9loyale du personnel de la soci\u00e9t\u00e9 Laurenty Propret\u00e9 et sera sanctionn\u00e9e par le paiement par le client, d\u2019une somme de 2.000 euros de dommages et int\u00e9r\u00eats par ouvrier(\u00e8re) d\u00e9bauch\u00e9(e). Cette clause p\u00e9nale est irr\u00e9ductible.<\/li>\n<\/ol>\n<p>[\/et_pb_text][\/et_pb_column][\/et_pb_row][\/et_pb_section]<\/p>\n","protected":false},"excerpt":{"rendered":"<p>CONDITIONS G\u00c9N\u00c9RALES\u00a0 Sauf stipulation contraire, un abonnement d\u2019entretien ou de nettoyage prend cours pour une dur\u00e9e d\u2019un an d\u00e8s la r\u00e9ception par le client ou son mandataire de la premi\u00e8re ex\u00e9cution des travaux et cet abonnement sera renouvel\u00e9 d\u2019ann\u00e9e en ann\u00e9e par tacite reconduction, \u00e0 d\u00e9faut d\u2019un pr\u00e9avis notifi\u00e9 par voie recommand\u00e9e par l\u2019une ou [&hellip;]<\/p>\n","protected":false},"author":1,"featured_media":0,"parent":0,"menu_order":0,"comment_status":"closed","ping_status":"closed","template":"","meta":{"_et_pb_use_builder":"on","_et_pb_old_content":"","_et_gb_content_width":"","footnotes":""},"class_list":["post-32864","page","type-page","status-publish","hentry"],"yoast_head":"<!-- This site is optimized with the Yoast SEO plugin v27.5 - https:\/\/yoast.com\/product\/yoast-seo-wordpress\/ -->\n<title>Conditions g\u00e9n\u00e9rales avec Laurenty en France (Reims, Lille et Douai)<\/title>\n<meta name=\"description\" content=\"Conditions g\u00e9n\u00e9rales de Laurenty, entreprise de nettoyage ou de services en France \u00e0 Lille, Reims et Douai.\" \/>\n<meta name=\"robots\" content=\"index, follow, max-snippet:-1, max-image-preview:large, max-video-preview:-1\" \/>\n<link rel=\"canonical\" href=\"https:\/\/laurenty.com\/fr-fr\/conditions-generales\/\" \/>\n<meta property=\"og:locale\" content=\"fr_FR\" \/>\n<meta property=\"og:type\" content=\"article\" \/>\n<meta property=\"og:title\" content=\"Conditions g\u00e9n\u00e9rales avec Laurenty en France (Reims, Lille et Douai)\" \/>\n<meta property=\"og:description\" content=\"Conditions g\u00e9n\u00e9rales de Laurenty, entreprise de nettoyage ou de services en France \u00e0 Lille, Reims et Douai.\" \/>\n<meta property=\"og:url\" content=\"https:\/\/laurenty.com\/fr-fr\/conditions-generales\/\" \/>\n<meta property=\"og:site_name\" content=\"Laurenty\" \/>\n<meta property=\"article:publisher\" content=\"https:\/\/www.facebook.com\/LaurentyGroup\" \/>\n<meta property=\"article:modified_time\" content=\"2023-10-09T14:32:39+00:00\" \/>\n<meta property=\"og:image\" content=\"https:\/\/laurenty.com\/wp-content\/uploads\/2021\/11\/laurenty-banner-reseaux-sociaux.jpg\" \/>\n\t<meta property=\"og:image:width\" content=\"1200\" \/>\n\t<meta property=\"og:image:height\" content=\"630\" \/>\n\t<meta property=\"og:image:type\" content=\"image\/jpeg\" \/>\n<meta name=\"twitter:card\" content=\"summary_large_image\" \/>\n<meta name=\"twitter:label1\" content=\"Dur\u00e9e de lecture estim\u00e9e\" \/>\n\t<meta name=\"twitter:data1\" content=\"5 minutes\" \/>\n<script type=\"application\/ld+json\" class=\"yoast-schema-graph\">{\"@context\":\"https:\\\/\\\/schema.org\",\"@graph\":[{\"@type\":\"WebPage\",\"@id\":\"https:\\\/\\\/laurenty.com\\\/fr-fr\\\/conditions-generales\\\/\",\"url\":\"https:\\\/\\\/laurenty.com\\\/fr-fr\\\/conditions-generales\\\/\",\"name\":\"Conditions g\u00e9n\u00e9rales avec Laurenty en France (Reims, Lille et Douai)\",\"isPartOf\":{\"@id\":\"https:\\\/\\\/laurenty.com\\\/#website\"},\"datePublished\":\"2020-03-23T13:57:56+00:00\",\"dateModified\":\"2023-10-09T14:32:39+00:00\",\"description\":\"Conditions g\u00e9n\u00e9rales de Laurenty, entreprise de nettoyage ou de services en France \u00e0 Lille, Reims et Douai.\",\"breadcrumb\":{\"@id\":\"https:\\\/\\\/laurenty.com\\\/fr-fr\\\/conditions-generales\\\/#breadcrumb\"},\"inLanguage\":\"fr-FR\",\"potentialAction\":[{\"@type\":\"ReadAction\",\"target\":[\"https:\\\/\\\/laurenty.com\\\/fr-fr\\\/conditions-generales\\\/\"]}]},{\"@type\":\"BreadcrumbList\",\"@id\":\"https:\\\/\\\/laurenty.com\\\/fr-fr\\\/conditions-generales\\\/#breadcrumb\",\"itemListElement\":[{\"@type\":\"ListItem\",\"position\":1,\"name\":\"Accueil\",\"item\":\"https:\\\/\\\/laurenty.com\\\/fr-fr\\\/\"},{\"@type\":\"ListItem\",\"position\":2,\"name\":\"Conditions g\u00e9n\u00e9rales FR\"}]},{\"@type\":\"WebSite\",\"@id\":\"https:\\\/\\\/laurenty.com\\\/#website\",\"url\":\"https:\\\/\\\/laurenty.com\\\/\",\"name\":\"Laurenty Group\",\"description\":\"Entreprise de nettoyage et de services en Belgique, en France et au Luxembourg\",\"publisher\":{\"@id\":\"https:\\\/\\\/laurenty.com\\\/#organization\"},\"potentialAction\":[{\"@type\":\"SearchAction\",\"target\":{\"@type\":\"EntryPoint\",\"urlTemplate\":\"https:\\\/\\\/laurenty.com\\\/?s={search_term_string}\"},\"query-input\":{\"@type\":\"PropertyValueSpecification\",\"valueRequired\":true,\"valueName\":\"search_term_string\"}}],\"inLanguage\":\"fr-FR\"},{\"@type\":\"Organization\",\"@id\":\"https:\\\/\\\/laurenty.com\\\/#organization\",\"name\":\"Laurenty Group\",\"url\":\"https:\\\/\\\/laurenty.com\\\/\",\"logo\":{\"@type\":\"ImageObject\",\"inLanguage\":\"fr-FR\",\"@id\":\"https:\\\/\\\/laurenty.com\\\/#\\\/schema\\\/logo\\\/image\\\/\",\"url\":\"https:\\\/\\\/laurenty.com\\\/wp-content\\\/uploads\\\/2020\\\/06\\\/laurenty-group.png\",\"contentUrl\":\"https:\\\/\\\/laurenty.com\\\/wp-content\\\/uploads\\\/2020\\\/06\\\/laurenty-group.png\",\"width\":549,\"height\":309,\"caption\":\"Laurenty Group\"},\"image\":{\"@id\":\"https:\\\/\\\/laurenty.com\\\/#\\\/schema\\\/logo\\\/image\\\/\"},\"sameAs\":[\"https:\\\/\\\/www.facebook.com\\\/LaurentyGroup\",\"https:\\\/\\\/www.linkedin.com\\\/company\\\/laurentygroup\\\/\",\"https:\\\/\\\/www.youtube.com\\\/channel\\\/UCirP1Sv08dx0mDNCnR-8XUQ\"]}]}<\/script>\n<!-- \/ Yoast SEO plugin. -->","yoast_head_json":{"title":"Conditions g\u00e9n\u00e9rales avec Laurenty en France (Reims, Lille et Douai)","description":"Conditions g\u00e9n\u00e9rales de Laurenty, entreprise de nettoyage ou de services en France \u00e0 Lille, Reims et Douai.","robots":{"index":"index","follow":"follow","max-snippet":"max-snippet:-1","max-image-preview":"max-image-preview:large","max-video-preview":"max-video-preview:-1"},"canonical":"https:\/\/laurenty.com\/fr-fr\/conditions-generales\/","og_locale":"fr_FR","og_type":"article","og_title":"Conditions g\u00e9n\u00e9rales avec Laurenty en France (Reims, Lille et Douai)","og_description":"Conditions g\u00e9n\u00e9rales de Laurenty, entreprise de nettoyage ou de services en France \u00e0 Lille, Reims et Douai.","og_url":"https:\/\/laurenty.com\/fr-fr\/conditions-generales\/","og_site_name":"Laurenty","article_publisher":"https:\/\/www.facebook.com\/LaurentyGroup","article_modified_time":"2023-10-09T14:32:39+00:00","og_image":[{"width":1200,"height":630,"url":"https:\/\/laurenty.com\/wp-content\/uploads\/2021\/11\/laurenty-banner-reseaux-sociaux.jpg","type":"image\/jpeg"}],"twitter_card":"summary_large_image","twitter_misc":{"Dur\u00e9e de lecture estim\u00e9e":"5 minutes"},"schema":{"@context":"https:\/\/schema.org","@graph":[{"@type":"WebPage","@id":"https:\/\/laurenty.com\/fr-fr\/conditions-generales\/","url":"https:\/\/laurenty.com\/fr-fr\/conditions-generales\/","name":"Conditions g\u00e9n\u00e9rales avec Laurenty en France (Reims, Lille et Douai)","isPartOf":{"@id":"https:\/\/laurenty.com\/#website"},"datePublished":"2020-03-23T13:57:56+00:00","dateModified":"2023-10-09T14:32:39+00:00","description":"Conditions g\u00e9n\u00e9rales de Laurenty, entreprise de nettoyage ou de services en France \u00e0 Lille, Reims et Douai.","breadcrumb":{"@id":"https:\/\/laurenty.com\/fr-fr\/conditions-generales\/#breadcrumb"},"inLanguage":"fr-FR","potentialAction":[{"@type":"ReadAction","target":["https:\/\/laurenty.com\/fr-fr\/conditions-generales\/"]}]},{"@type":"BreadcrumbList","@id":"https:\/\/laurenty.com\/fr-fr\/conditions-generales\/#breadcrumb","itemListElement":[{"@type":"ListItem","position":1,"name":"Accueil","item":"https:\/\/laurenty.com\/fr-fr\/"},{"@type":"ListItem","position":2,"name":"Conditions g\u00e9n\u00e9rales FR"}]},{"@type":"WebSite","@id":"https:\/\/laurenty.com\/#website","url":"https:\/\/laurenty.com\/","name":"Laurenty Group","description":"Entreprise de nettoyage et de services en Belgique, en France et au Luxembourg","publisher":{"@id":"https:\/\/laurenty.com\/#organization"},"potentialAction":[{"@type":"SearchAction","target":{"@type":"EntryPoint","urlTemplate":"https:\/\/laurenty.com\/?s={search_term_string}"},"query-input":{"@type":"PropertyValueSpecification","valueRequired":true,"valueName":"search_term_string"}}],"inLanguage":"fr-FR"},{"@type":"Organization","@id":"https:\/\/laurenty.com\/#organization","name":"Laurenty Group","url":"https:\/\/laurenty.com\/","logo":{"@type":"ImageObject","inLanguage":"fr-FR","@id":"https:\/\/laurenty.com\/#\/schema\/logo\/image\/","url":"https:\/\/laurenty.com\/wp-content\/uploads\/2020\/06\/laurenty-group.png","contentUrl":"https:\/\/laurenty.com\/wp-content\/uploads\/2020\/06\/laurenty-group.png","width":549,"height":309,"caption":"Laurenty Group"},"image":{"@id":"https:\/\/laurenty.com\/#\/schema\/logo\/image\/"},"sameAs":["https:\/\/www.facebook.com\/LaurentyGroup","https:\/\/www.linkedin.com\/company\/laurentygroup\/","https:\/\/www.youtube.com\/channel\/UCirP1Sv08dx0mDNCnR-8XUQ"]}]}},"_links":{"self":[{"href":"https:\/\/laurenty.com\/fr-fr\/wp-json\/wp\/v2\/pages\/32864","targetHints":{"allow":["GET"]}}],"collection":[{"href":"https:\/\/laurenty.com\/fr-fr\/wp-json\/wp\/v2\/pages"}],"about":[{"href":"https:\/\/laurenty.com\/fr-fr\/wp-json\/wp\/v2\/types\/page"}],"author":[{"embeddable":true,"href":"https:\/\/laurenty.com\/fr-fr\/wp-json\/wp\/v2\/users\/1"}],"replies":[{"embeddable":true,"href":"https:\/\/laurenty.com\/fr-fr\/wp-json\/wp\/v2\/comments?post=32864"}],"version-history":[{"count":9,"href":"https:\/\/laurenty.com\/fr-fr\/wp-json\/wp\/v2\/pages\/32864\/revisions"}],"predecessor-version":[{"id":64827,"href":"https:\/\/laurenty.com\/fr-fr\/wp-json\/wp\/v2\/pages\/32864\/revisions\/64827"}],"wp:attachment":[{"href":"https:\/\/laurenty.com\/fr-fr\/wp-json\/wp\/v2\/media?parent=32864"}],"curies":[{"name":"wp","href":"https:\/\/api.w.org\/{rel}","templated":true}]}}