{"id":32863,"date":"2020-06-22T11:57:40","date_gmt":"2020-06-22T09:57:40","guid":{"rendered":"https:\/\/laurenty.com\/politique-de-cookie\/"},"modified":"2022-01-07T14:55:22","modified_gmt":"2022-01-07T13:55:22","slug":"politique-de-cookie","status":"publish","type":"page","link":"https:\/\/laurenty.com\/fr-fr\/politique-de-cookie\/","title":{"rendered":"Politique de cookie FR"},"content":{"rendered":"<p>[et_pb_section fb_built=\u00a0\u00bb1&Prime; _builder_version=\u00a0\u00bb4.4.0&Prime; background_color=\u00a0\u00bb#eb5d0b\u00a0\u00bb vertical_offset_tablet=\u00a0\u00bb0&Prime; horizontal_offset_tablet=\u00a0\u00bb0&Prime; custom_padding=\u00a0\u00bb||0px|\u00a0\u00bb z_index_tablet=\u00a0\u00bb0&Prime; box_shadow_horizontal_tablet=\u00a0\u00bb0px\u00a0\u00bb box_shadow_vertical_tablet=\u00a0\u00bb0px\u00a0\u00bb box_shadow_blur_tablet=\u00a0\u00bb40px\u00a0\u00bb box_shadow_spread_tablet=\u00a0\u00bb0px\u00a0\u00bb][et_pb_row _builder_version=\u00a0\u00bb4.4.0&Prime; background_color=\u00a0\u00bb#ffffff\u00a0\u00bb vertical_offset_tablet=\u00a0\u00bb0&Prime; horizontal_offset_tablet=\u00a0\u00bb0&Prime; max_width=\u00a0\u00bb1265px\u00a0\u00bb module_alignment=\u00a0\u00bbcenter\u00a0\u00bb custom_padding=\u00a0\u00bb45px|45px|45px|45px\u00a0\u00bb z_index_tablet=\u00a0\u00bb0&Prime; box_shadow_horizontal_tablet=\u00a0\u00bb0px\u00a0\u00bb box_shadow_vertical_tablet=\u00a0\u00bb0px\u00a0\u00bb box_shadow_blur_tablet=\u00a0\u00bb40px\u00a0\u00bb box_shadow_spread_tablet=\u00a0\u00bb0px\u00a0\u00bb][et_pb_column type=\u00a0\u00bb4_4&Prime; _builder_version=\u00a0\u00bb3.0.47&Prime; custom_padding=\u00a0\u00bb|||\u00a0\u00bb custom_padding__hover=\u00a0\u00bb|||\u00a0\u00bb][et_pb_text _builder_version=\u00a0\u00bb4.9.10&Prime; vertical_offset_tablet=\u00a0\u00bb0&Prime; horizontal_offset_tablet=\u00a0\u00bb0&Prime; hover_enabled=\u00a0\u00bb0&Prime; z_index_tablet=\u00a0\u00bb0&Prime; text_text_shadow_horizontal_length_tablet=\u00a0\u00bb0px\u00a0\u00bb text_text_shadow_vertical_length_tablet=\u00a0\u00bb0px\u00a0\u00bb text_text_shadow_blur_strength_tablet=\u00a0\u00bb1px\u00a0\u00bb link_text_shadow_horizontal_length_tablet=\u00a0\u00bb0px\u00a0\u00bb link_text_shadow_vertical_length_tablet=\u00a0\u00bb0px\u00a0\u00bb link_text_shadow_blur_strength_tablet=\u00a0\u00bb1px\u00a0\u00bb ul_text_shadow_horizontal_length_tablet=\u00a0\u00bb0px\u00a0\u00bb ul_text_shadow_vertical_length_tablet=\u00a0\u00bb0px\u00a0\u00bb ul_text_shadow_blur_strength_tablet=\u00a0\u00bb1px\u00a0\u00bb ol_text_shadow_horizontal_length_tablet=\u00a0\u00bb0px\u00a0\u00bb ol_text_shadow_vertical_length_tablet=\u00a0\u00bb0px\u00a0\u00bb ol_text_shadow_blur_strength_tablet=\u00a0\u00bb1px\u00a0\u00bb quote_text_shadow_horizontal_length_tablet=\u00a0\u00bb0px\u00a0\u00bb quote_text_shadow_vertical_length_tablet=\u00a0\u00bb0px\u00a0\u00bb quote_text_shadow_blur_strength_tablet=\u00a0\u00bb1px\u00a0\u00bb header_text_shadow_horizontal_length_tablet=\u00a0\u00bb0px\u00a0\u00bb header_text_shadow_vertical_length_tablet=\u00a0\u00bb0px\u00a0\u00bb header_text_shadow_blur_strength_tablet=\u00a0\u00bb1px\u00a0\u00bb header_2_text_shadow_horizontal_length_tablet=\u00a0\u00bb0px\u00a0\u00bb header_2_text_shadow_vertical_length_tablet=\u00a0\u00bb0px\u00a0\u00bb header_2_text_shadow_blur_strength_tablet=\u00a0\u00bb1px\u00a0\u00bb header_3_text_shadow_horizontal_length_tablet=\u00a0\u00bb0px\u00a0\u00bb header_3_text_shadow_vertical_length_tablet=\u00a0\u00bb0px\u00a0\u00bb header_3_text_shadow_blur_strength_tablet=\u00a0\u00bb1px\u00a0\u00bb header_4_text_shadow_horizontal_length_tablet=\u00a0\u00bb0px\u00a0\u00bb header_4_text_shadow_vertical_length_tablet=\u00a0\u00bb0px\u00a0\u00bb header_4_text_shadow_blur_strength_tablet=\u00a0\u00bb1px\u00a0\u00bb header_5_text_shadow_horizontal_length_tablet=\u00a0\u00bb0px\u00a0\u00bb header_5_text_shadow_vertical_length_tablet=\u00a0\u00bb0px\u00a0\u00bb header_5_text_shadow_blur_strength_tablet=\u00a0\u00bb1px\u00a0\u00bb header_6_text_shadow_horizontal_length_tablet=\u00a0\u00bb0px\u00a0\u00bb header_6_text_shadow_vertical_length_tablet=\u00a0\u00bb0px\u00a0\u00bb header_6_text_shadow_blur_strength_tablet=\u00a0\u00bb1px\u00a0\u00bb box_shadow_horizontal_tablet=\u00a0\u00bb0px\u00a0\u00bb box_shadow_vertical_tablet=\u00a0\u00bb0px\u00a0\u00bb box_shadow_blur_tablet=\u00a0\u00bb40px\u00a0\u00bb box_shadow_spread_tablet=\u00a0\u00bb0px\u00a0\u00bb sticky_enabled=\u00a0\u00bb0&Prime;]<\/p>\n<h1>Politique d\u2019utilisation des cookies<\/h1>\n<p>Un cookie est un petit fichier texte qui peut \u00eatre conserv\u00e9 sur votre ordinateur lorsque vous visitez des sites Internet.<\/p>\n<div class=\"et_pb_button_module_wrapper et_pb_button_1_wrapper et_pb_button_alignment_center et_pb_module \">\n<input type=\"button\" name=\"answer\" value=\"Ouvrir la fen\u00eatre de consentement\" onclick=\"showDiv()\" \/><\/div>\n<p>Des informations sont enregistr\u00e9es dans un fichier texte, comme par exemple votre choix de langue pour un site Internet. Lorsque vous visitez \u00e0 nouveau le site Internet ult\u00e9rieurement, ce cookie est renvoy\u00e9 au site en question. De cette mani\u00e8re, le site Internet reconna\u00eet votre navigateur et peut par exemple retenir votre choix de langue.<\/p>\n<p>Les cookies ont g\u00e9n\u00e9ralement aussi une date d&rsquo;expiration. Certains cookies sont par exemple automatiquement supprim\u00e9s lorsque vous fermez votre navigateur (ce que l&rsquo;on appelle les cookies de session),tandis que d&rsquo;autres restent plus longtemps sur votre ordinateur, parfois m\u00eame jusqu&rsquo;\u00e0 ce que vous les supprimiez manuellement (ce que l&rsquo;on appelle les cookies permanents).<\/p>\n<h2>Pourquoi utilisons-nous des cookies ?<\/h2>\n<p>Laurenty S.A., gestionnaire de ce site Internet, utilise sur www.laurenty.com des cookies pour une finalit\u00e9 strictement limit\u00e9e \u00e0 la seule mesure de l\u2019audience du site (mesure des performances, d\u00e9tection de probl\u00e8mes de navigation, optimisation des performances techniques ou de son ergonomie, estimation de la puissance des serveurs n\u00e9cessaires, analyse des contenus consult\u00e9), pour le compte exclusif de Laurenty S.A.<\/p>\n<p>Les donn\u00e9es statistiques produites sont anonymes.<\/p>\n<p>Liste des cookies<\/p>\n<table class=\"responsive-table\" style=\"border-collapse: collapse; width: 100%;\" border=\"1\">\n<tbody>\n<tr class=\"row_grey\">\n<td style=\"width: 33.3333%;\">Nom<\/td>\n<td style=\"width: 33.3333%;\">\u00c9ch\u00e9ance<\/td>\n<td style=\"width: 33.3333%;\">Objectif<\/td>\n<\/tr>\n<tr style=\"height: 23px;\">\n<td style=\"width: 33.3333%;\">_ga<\/td>\n<td style=\"width: 33.3333%;\">2 ans<\/td>\n<td style=\"width: 33.3333%;\">Le cookie _ga, install\u00e9 par Google Analytics, calcule les donn\u00e9es relatives aux visiteurs, aux sessions et aux campagnes et assure \u00e9galement le suivi de l&rsquo;utilisation du site pour le rapport d&rsquo;analyse du site. Le cookie stocke les informations de mani\u00e8re anonyme et attribue un num\u00e9ro g\u00e9n\u00e9r\u00e9 de mani\u00e8re al\u00e9atoire pour reconna\u00eetre les visiteurs uniques.<\/td>\n<\/tr>\n<tr style=\"height: 23px;\">\n<td style=\"width: 33.3333%;\">_gid<\/td>\n<td style=\"width: 33.3333%;\">1 jour<\/td>\n<td style=\"width: 33.3333%;\">Install\u00e9 par Google Analytics, le cookie _gid stocke des informations sur la fa\u00e7on dont les visiteurs utilisent un site Web, tout en cr\u00e9ant un rapport analytique des performances du site. Parmi les donn\u00e9es collect\u00e9es figurent le nombre de visiteurs, leur provenance et les pages qu&rsquo;ils visitent de mani\u00e8re anonyme.<\/td>\n<\/tr>\n<tr style=\"height: 23px;\">\n<td style=\"width: 33.3333%;\">_gat_UA-122214565-1<\/td>\n<td style=\"width: 33.3333%;\">1 minute<\/td>\n<td style=\"width: 33.3333%;\">Une variante du cookie _gat d\u00e9fini par Google Analytics et Google Tag Manager pour permettre aux propri\u00e9taires de sites Web de suivre le comportement des visiteurs et de mesurer les performances du site. L&rsquo;\u00e9l\u00e9ment de motif du nom contient le num\u00e9ro d&rsquo;identit\u00e9 unique du compte ou du site Web auquel il se rapporte.<\/td>\n<\/tr>\n<\/tbody>\n<\/table>\n<h2>Liens externes<\/h2>\n<p>Le site Internet de Laurenty S.A. mentionne des liens externes pour documenter certaines informations. Ces liens sont marqu\u00e9s d&rsquo;un sigle indiquant que l&rsquo;utilisateur quitte le site de Laurenty S.A.. L&rsquo;activation de ces liens rel\u00e8ve de la responsabilit\u00e9 de l&rsquo;utilisateur. Nous conseillons cependant de consulter la d\u00e9claration de confidentialit\u00e9 ainsi que la politique en mati\u00e8re des cookies du site concern\u00e9.<\/p>\n<p>[\/et_pb_text][et_pb_code _builder_version=\u00a0\u00bb4.9.10&Prime; _module_preset=\u00a0\u00bbdefault\u00a0\u00bb hover_enabled=\u00a0\u00bb0&Prime; sticky_enabled=\u00a0\u00bb0&Prime;]<\/p>\n<div id=\"welcomeDiv\"  style=\"display:none;\" class=\"answer_list\" ><!-- [et_pb_line_break_holder] --><\/p>\n<div class=\"termsfeed-com---reset termsfeed-com---nb termsfeed-com---palette-dark termsfeed-com---nb-simple termsfeed-com---lang-fr\" id=\"termsfeed-com---nb\" role=\"dialog\" aria-modal=\"true\" aria-labelledby=\"cc-nb-title\" aria-describedby=\"cc-nb-text\">\n<div class=\"cc-nb-main-container\">\n<div class=\"cc-nb-title-container\"><pee class=\"cc-nb-title\" id=\"cc-nb-title\">Nous utilisons des cookies<\/pee><\/div>\n<div class=\"cc-nb-text-container\"><pee class=\"cc-nb-text\" id=\"cc-nb-text\">Nous utilisons des cookies et d&rsquo;autres technologies de suivi pour am\u00e9liorer votre exp\u00e9rience de navigation sur notre site, pour vous montrer un contenu personnalis\u00e9 et des publicit\u00e9s cibl\u00e9es, pour analyser le trafic de notre site et pour comprendre la provenance de nos visiteurs.<\/pee><\/div>\n<div class=\"cc-nb-buttons-container\"><button class=\"cc-nb-okagree\" role=\"button\">J&rsquo;accepte<\/button><button class=\"cc-nb-reject\" role=\"button\">Je refuse<\/button><button class=\"cc-nb-changep\" role=\"button\">Changer mes pr\u00e9f\u00e9rences<\/button><\/div>\n<\/div>\n<\/div>\n<\/div>\n<p>[\/et_pb_code][\/et_pb_column][\/et_pb_row][\/et_pb_section]<\/p>\n","protected":false},"excerpt":{"rendered":"<p>Politique d\u2019utilisation des cookies Un cookie est un petit fichier texte qui peut \u00eatre conserv\u00e9 sur votre ordinateur lorsque vous visitez des sites Internet. Des informations sont enregistr\u00e9es dans un fichier texte, comme par exemple votre choix de langue pour un site Internet. Lorsque vous visitez \u00e0 nouveau le site Internet ult\u00e9rieurement, ce cookie est [&hellip;]<\/p>\n","protected":false},"author":1,"featured_media":0,"parent":0,"menu_order":0,"comment_status":"closed","ping_status":"closed","template":"","meta":{"_et_pb_use_builder":"on","_et_pb_old_content":"","_et_gb_content_width":"","footnotes":""},"class_list":["post-32863","page","type-page","status-publish","hentry"],"yoast_head":"<!-- This site is optimized with the Yoast SEO plugin v27.4 - https:\/\/yoast.com\/product\/yoast-seo-wordpress\/ -->\n<title>Politique de cookies - Laurenty en France \u00e0 Lille, Douai et Reims<\/title>\n<meta name=\"description\" content=\"Politique de cookies de Laurenty - entreprise de nettoyage ou de services en France. Laurenty est pr\u00e9sent \u00e0 Lille, Douai et Reims.\" \/>\n<meta name=\"robots\" content=\"index, follow, max-snippet:-1, max-image-preview:large, max-video-preview:-1\" \/>\n<link rel=\"canonical\" href=\"https:\/\/laurenty.com\/fr-fr\/politique-de-cookie\/\" \/>\n<meta property=\"og:locale\" content=\"fr_FR\" \/>\n<meta property=\"og:type\" content=\"article\" \/>\n<meta property=\"og:title\" content=\"Politique de cookies - Laurenty en France \u00e0 Lille, Douai et Reims\" \/>\n<meta property=\"og:description\" content=\"Politique de cookies de Laurenty - entreprise de nettoyage ou de services en France. Laurenty est pr\u00e9sent \u00e0 Lille, Douai et Reims.\" \/>\n<meta property=\"og:url\" content=\"https:\/\/laurenty.com\/fr-fr\/politique-de-cookie\/\" \/>\n<meta property=\"og:site_name\" content=\"Laurenty\" \/>\n<meta property=\"article:publisher\" content=\"https:\/\/www.facebook.com\/LaurentyGroup\" \/>\n<meta property=\"article:modified_time\" content=\"2022-01-07T13:55:22+00:00\" \/>\n<meta property=\"og:image\" content=\"https:\/\/laurenty.com\/wp-content\/uploads\/2021\/11\/laurenty-banner-reseaux-sociaux.jpg\" \/>\n\t<meta property=\"og:image:width\" content=\"1200\" \/>\n\t<meta property=\"og:image:height\" content=\"630\" \/>\n\t<meta property=\"og:image:type\" content=\"image\/jpeg\" \/>\n<meta name=\"twitter:card\" content=\"summary_large_image\" \/>\n<meta name=\"twitter:label1\" content=\"Dur\u00e9e de lecture estim\u00e9e\" \/>\n\t<meta name=\"twitter:data1\" content=\"5 minutes\" \/>\n<script type=\"application\/ld+json\" class=\"yoast-schema-graph\">{\"@context\":\"https:\\\/\\\/schema.org\",\"@graph\":[{\"@type\":\"WebPage\",\"@id\":\"https:\\\/\\\/laurenty.com\\\/fr-fr\\\/politique-de-cookie\\\/\",\"url\":\"https:\\\/\\\/laurenty.com\\\/fr-fr\\\/politique-de-cookie\\\/\",\"name\":\"Politique de cookies - Laurenty en France \u00e0 Lille, Douai et Reims\",\"isPartOf\":{\"@id\":\"https:\\\/\\\/laurenty.com\\\/#website\"},\"datePublished\":\"2020-06-22T09:57:40+00:00\",\"dateModified\":\"2022-01-07T13:55:22+00:00\",\"description\":\"Politique de cookies de Laurenty - entreprise de nettoyage ou de services en France. Laurenty est pr\u00e9sent \u00e0 Lille, Douai et Reims.\",\"breadcrumb\":{\"@id\":\"https:\\\/\\\/laurenty.com\\\/fr-fr\\\/politique-de-cookie\\\/#breadcrumb\"},\"inLanguage\":\"fr-FR\",\"potentialAction\":[{\"@type\":\"ReadAction\",\"target\":[\"https:\\\/\\\/laurenty.com\\\/fr-fr\\\/politique-de-cookie\\\/\"]}]},{\"@type\":\"BreadcrumbList\",\"@id\":\"https:\\\/\\\/laurenty.com\\\/fr-fr\\\/politique-de-cookie\\\/#breadcrumb\",\"itemListElement\":[{\"@type\":\"ListItem\",\"position\":1,\"name\":\"Accueil\",\"item\":\"https:\\\/\\\/laurenty.com\\\/fr-fr\\\/\"},{\"@type\":\"ListItem\",\"position\":2,\"name\":\"Politique de cookie FR\"}]},{\"@type\":\"WebSite\",\"@id\":\"https:\\\/\\\/laurenty.com\\\/#website\",\"url\":\"https:\\\/\\\/laurenty.com\\\/\",\"name\":\"Laurenty Group\",\"description\":\"Entreprise de nettoyage et de services en Belgique, en France et au Luxembourg\",\"publisher\":{\"@id\":\"https:\\\/\\\/laurenty.com\\\/#organization\"},\"potentialAction\":[{\"@type\":\"SearchAction\",\"target\":{\"@type\":\"EntryPoint\",\"urlTemplate\":\"https:\\\/\\\/laurenty.com\\\/?s={search_term_string}\"},\"query-input\":{\"@type\":\"PropertyValueSpecification\",\"valueRequired\":true,\"valueName\":\"search_term_string\"}}],\"inLanguage\":\"fr-FR\"},{\"@type\":\"Organization\",\"@id\":\"https:\\\/\\\/laurenty.com\\\/#organization\",\"name\":\"Laurenty Group\",\"url\":\"https:\\\/\\\/laurenty.com\\\/\",\"logo\":{\"@type\":\"ImageObject\",\"inLanguage\":\"fr-FR\",\"@id\":\"https:\\\/\\\/laurenty.com\\\/#\\\/schema\\\/logo\\\/image\\\/\",\"url\":\"https:\\\/\\\/laurenty.com\\\/wp-content\\\/uploads\\\/2020\\\/06\\\/laurenty-group.png\",\"contentUrl\":\"https:\\\/\\\/laurenty.com\\\/wp-content\\\/uploads\\\/2020\\\/06\\\/laurenty-group.png\",\"width\":549,\"height\":309,\"caption\":\"Laurenty Group\"},\"image\":{\"@id\":\"https:\\\/\\\/laurenty.com\\\/#\\\/schema\\\/logo\\\/image\\\/\"},\"sameAs\":[\"https:\\\/\\\/www.facebook.com\\\/LaurentyGroup\",\"https:\\\/\\\/www.linkedin.com\\\/company\\\/laurentygroup\\\/\",\"https:\\\/\\\/www.youtube.com\\\/channel\\\/UCirP1Sv08dx0mDNCnR-8XUQ\"]}]}<\/script>\n<!-- \/ Yoast SEO plugin. -->","yoast_head_json":{"title":"Politique de cookies - Laurenty en France \u00e0 Lille, Douai et Reims","description":"Politique de cookies de Laurenty - entreprise de nettoyage ou de services en France. Laurenty est pr\u00e9sent \u00e0 Lille, Douai et Reims.","robots":{"index":"index","follow":"follow","max-snippet":"max-snippet:-1","max-image-preview":"max-image-preview:large","max-video-preview":"max-video-preview:-1"},"canonical":"https:\/\/laurenty.com\/fr-fr\/politique-de-cookie\/","og_locale":"fr_FR","og_type":"article","og_title":"Politique de cookies - Laurenty en France \u00e0 Lille, Douai et Reims","og_description":"Politique de cookies de Laurenty - entreprise de nettoyage ou de services en France. Laurenty est pr\u00e9sent \u00e0 Lille, Douai et Reims.","og_url":"https:\/\/laurenty.com\/fr-fr\/politique-de-cookie\/","og_site_name":"Laurenty","article_publisher":"https:\/\/www.facebook.com\/LaurentyGroup","article_modified_time":"2022-01-07T13:55:22+00:00","og_image":[{"width":1200,"height":630,"url":"https:\/\/laurenty.com\/wp-content\/uploads\/2021\/11\/laurenty-banner-reseaux-sociaux.jpg","type":"image\/jpeg"}],"twitter_card":"summary_large_image","twitter_misc":{"Dur\u00e9e de lecture estim\u00e9e":"5 minutes"},"schema":{"@context":"https:\/\/schema.org","@graph":[{"@type":"WebPage","@id":"https:\/\/laurenty.com\/fr-fr\/politique-de-cookie\/","url":"https:\/\/laurenty.com\/fr-fr\/politique-de-cookie\/","name":"Politique de cookies - Laurenty en France \u00e0 Lille, Douai et Reims","isPartOf":{"@id":"https:\/\/laurenty.com\/#website"},"datePublished":"2020-06-22T09:57:40+00:00","dateModified":"2022-01-07T13:55:22+00:00","description":"Politique de cookies de Laurenty - entreprise de nettoyage ou de services en France. Laurenty est pr\u00e9sent \u00e0 Lille, Douai et Reims.","breadcrumb":{"@id":"https:\/\/laurenty.com\/fr-fr\/politique-de-cookie\/#breadcrumb"},"inLanguage":"fr-FR","potentialAction":[{"@type":"ReadAction","target":["https:\/\/laurenty.com\/fr-fr\/politique-de-cookie\/"]}]},{"@type":"BreadcrumbList","@id":"https:\/\/laurenty.com\/fr-fr\/politique-de-cookie\/#breadcrumb","itemListElement":[{"@type":"ListItem","position":1,"name":"Accueil","item":"https:\/\/laurenty.com\/fr-fr\/"},{"@type":"ListItem","position":2,"name":"Politique de cookie FR"}]},{"@type":"WebSite","@id":"https:\/\/laurenty.com\/#website","url":"https:\/\/laurenty.com\/","name":"Laurenty Group","description":"Entreprise de nettoyage et de services en Belgique, en France et au Luxembourg","publisher":{"@id":"https:\/\/laurenty.com\/#organization"},"potentialAction":[{"@type":"SearchAction","target":{"@type":"EntryPoint","urlTemplate":"https:\/\/laurenty.com\/?s={search_term_string}"},"query-input":{"@type":"PropertyValueSpecification","valueRequired":true,"valueName":"search_term_string"}}],"inLanguage":"fr-FR"},{"@type":"Organization","@id":"https:\/\/laurenty.com\/#organization","name":"Laurenty Group","url":"https:\/\/laurenty.com\/","logo":{"@type":"ImageObject","inLanguage":"fr-FR","@id":"https:\/\/laurenty.com\/#\/schema\/logo\/image\/","url":"https:\/\/laurenty.com\/wp-content\/uploads\/2020\/06\/laurenty-group.png","contentUrl":"https:\/\/laurenty.com\/wp-content\/uploads\/2020\/06\/laurenty-group.png","width":549,"height":309,"caption":"Laurenty Group"},"image":{"@id":"https:\/\/laurenty.com\/#\/schema\/logo\/image\/"},"sameAs":["https:\/\/www.facebook.com\/LaurentyGroup","https:\/\/www.linkedin.com\/company\/laurentygroup\/","https:\/\/www.youtube.com\/channel\/UCirP1Sv08dx0mDNCnR-8XUQ"]}]}},"_links":{"self":[{"href":"https:\/\/laurenty.com\/fr-fr\/wp-json\/wp\/v2\/pages\/32863","targetHints":{"allow":["GET"]}}],"collection":[{"href":"https:\/\/laurenty.com\/fr-fr\/wp-json\/wp\/v2\/pages"}],"about":[{"href":"https:\/\/laurenty.com\/fr-fr\/wp-json\/wp\/v2\/types\/page"}],"author":[{"embeddable":true,"href":"https:\/\/laurenty.com\/fr-fr\/wp-json\/wp\/v2\/users\/1"}],"replies":[{"embeddable":true,"href":"https:\/\/laurenty.com\/fr-fr\/wp-json\/wp\/v2\/comments?post=32863"}],"version-history":[{"count":3,"href":"https:\/\/laurenty.com\/fr-fr\/wp-json\/wp\/v2\/pages\/32863\/revisions"}],"predecessor-version":[{"id":42292,"href":"https:\/\/laurenty.com\/fr-fr\/wp-json\/wp\/v2\/pages\/32863\/revisions\/42292"}],"wp:attachment":[{"href":"https:\/\/laurenty.com\/fr-fr\/wp-json\/wp\/v2\/media?parent=32863"}],"curies":[{"name":"wp","href":"https:\/\/api.w.org\/{rel}","templated":true}]}}