{"id":32853,"date":"2020-03-13T15:43:48","date_gmt":"2020-03-13T14:43:48","guid":{"rendered":"https:\/\/laurenty.com\/actualite\/"},"modified":"2022-08-08T12:30:10","modified_gmt":"2022-08-08T10:30:10","slug":"actualite","status":"publish","type":"page","link":"https:\/\/laurenty.com\/fr-fr\/actualite\/","title":{"rendered":"News FR"},"content":{"rendered":"<p>[et_pb_section fb_built=\u00a0\u00bb1&Prime; _builder_version=\u00a0\u00bb4.16&Prime; background_color=\u00a0\u00bb#333333&Prime; vertical_offset_tablet=\u00a0\u00bb0&Prime; horizontal_offset_tablet=\u00a0\u00bb0&Prime; z_index_tablet=\u00a0\u00bb0&Prime; box_shadow_horizontal_tablet=\u00a0\u00bb0px\u00a0\u00bb box_shadow_vertical_tablet=\u00a0\u00bb0px\u00a0\u00bb box_shadow_blur_tablet=\u00a0\u00bb40px\u00a0\u00bb box_shadow_spread_tablet=\u00a0\u00bb0px\u00a0\u00bb global_colors_info=\u00a0\u00bb{}\u00a0\u00bb][et_pb_row use_custom_gutter=\u00a0\u00bbon\u00a0\u00bb gutter_width=\u00a0\u00bb2&Prime; _builder_version=\u00a0\u00bb4.16&Prime; background_size=\u00a0\u00bbinitial\u00a0\u00bb background_position=\u00a0\u00bbtop_left\u00a0\u00bb background_repeat=\u00a0\u00bbrepeat\u00a0\u00bb global_colors_info=\u00a0\u00bb{}\u00a0\u00bb][et_pb_column type=\u00a0\u00bb4_4&Prime; _builder_version=\u00a0\u00bb4.16&Prime; custom_padding=\u00a0\u00bb|||\u00a0\u00bb global_colors_info=\u00a0\u00bb{}\u00a0\u00bb custom_padding__hover=\u00a0\u00bb|||\u00a0\u00bb][et_pb_text _builder_version=\u00a0\u00bb4.16&Prime; text_text_color=\u00a0\u00bb#ffffff\u00a0\u00bb background_layout=\u00a0\u00bbdark\u00a0\u00bb global_colors_info=\u00a0\u00bb{}\u00a0\u00bb]<\/p>\n<h1 style=\"text-align: center;\">Les actualit\u00e9s de Laurenty<\/h1>\n<p>[\/et_pb_text][et_pb_blog fullwidth=\u00a0\u00bboff\u00a0\u00bb posts_number=\u00a0\u00bb9&Prime; show_author=\u00a0\u00bboff\u00a0\u00bb show_date=\u00a0\u00bboff\u00a0\u00bb show_categories=\u00a0\u00bboff\u00a0\u00bb use_overlay=\u00a0\u00bbon\u00a0\u00bb overlay_icon_color=\u00a0\u00bb#ffffff\u00a0\u00bb hover_overlay_color=\u00a0\u00bb#eb5d0b\u00a0\u00bb hover_icon=\u00a0\u00bb&#xe02b;||divi||400&Prime; _builder_version=\u00a0\u00bb4.17.4&Prime; vertical_offset_tablet=\u00a0\u00bb0&Prime; horizontal_offset_tablet=\u00a0\u00bb0&Prime; hover_enabled=\u00a0\u00bb0&Prime; z_index_tablet=\u00a0\u00bb0&Prime; header_text_shadow_horizontal_length_tablet=\u00a0\u00bb0px\u00a0\u00bb header_text_shadow_vertical_length_tablet=\u00a0\u00bb0px\u00a0\u00bb header_text_shadow_blur_strength_tablet=\u00a0\u00bb1px\u00a0\u00bb body_text_shadow_horizontal_length_tablet=\u00a0\u00bb0px\u00a0\u00bb body_text_shadow_vertical_length_tablet=\u00a0\u00bb0px\u00a0\u00bb body_text_shadow_blur_strength_tablet=\u00a0\u00bb1px\u00a0\u00bb meta_text_shadow_horizontal_length_tablet=\u00a0\u00bb0px\u00a0\u00bb meta_text_shadow_vertical_length_tablet=\u00a0\u00bb0px\u00a0\u00bb meta_text_shadow_blur_strength_tablet=\u00a0\u00bb1px\u00a0\u00bb read_more_text_shadow_horizontal_length_tablet=\u00a0\u00bb0px\u00a0\u00bb read_more_text_shadow_vertical_length_tablet=\u00a0\u00bb0px\u00a0\u00bb read_more_text_shadow_blur_strength_tablet=\u00a0\u00bb1px\u00a0\u00bb pagination_text_shadow_horizontal_length_tablet=\u00a0\u00bb0px\u00a0\u00bb pagination_text_shadow_vertical_length_tablet=\u00a0\u00bb0px\u00a0\u00bb pagination_text_shadow_blur_strength_tablet=\u00a0\u00bb1px\u00a0\u00bb body_link_text_shadow_horizontal_length_tablet=\u00a0\u00bb0px\u00a0\u00bb body_link_text_shadow_vertical_length_tablet=\u00a0\u00bb0px\u00a0\u00bb body_link_text_shadow_blur_strength_tablet=\u00a0\u00bb1px\u00a0\u00bb body_ul_text_shadow_horizontal_length_tablet=\u00a0\u00bb0px\u00a0\u00bb body_ul_text_shadow_vertical_length_tablet=\u00a0\u00bb0px\u00a0\u00bb body_ul_text_shadow_blur_strength_tablet=\u00a0\u00bb1px\u00a0\u00bb body_ol_text_shadow_horizontal_length_tablet=\u00a0\u00bb0px\u00a0\u00bb body_ol_text_shadow_vertical_length_tablet=\u00a0\u00bb0px\u00a0\u00bb body_ol_text_shadow_blur_strength_tablet=\u00a0\u00bb1px\u00a0\u00bb body_quote_text_shadow_horizontal_length_tablet=\u00a0\u00bb0px\u00a0\u00bb body_quote_text_shadow_vertical_length_tablet=\u00a0\u00bb0px\u00a0\u00bb body_quote_text_shadow_blur_strength_tablet=\u00a0\u00bb1px\u00a0\u00bb box_shadow_horizontal_tablet=\u00a0\u00bb0px\u00a0\u00bb box_shadow_vertical_tablet=\u00a0\u00bb0px\u00a0\u00bb box_shadow_blur_tablet=\u00a0\u00bb40px\u00a0\u00bb box_shadow_spread_tablet=\u00a0\u00bb0px\u00a0\u00bb box_shadow_horizontal_image_tablet=\u00a0\u00bb0px\u00a0\u00bb box_shadow_vertical_image_tablet=\u00a0\u00bb0px\u00a0\u00bb box_shadow_blur_image_tablet=\u00a0\u00bb40px\u00a0\u00bb box_shadow_spread_image_tablet=\u00a0\u00bb0px\u00a0\u00bb text_shadow_horizontal_length_tablet=\u00a0\u00bb0px\u00a0\u00bb text_shadow_vertical_length_tablet=\u00a0\u00bb0px\u00a0\u00bb text_shadow_blur_strength_tablet=\u00a0\u00bb1px\u00a0\u00bb global_colors_info=\u00a0\u00bb{}\u00a0\u00bb sticky_enabled=\u00a0\u00bb0&Prime; excerpt_length=\u00a0\u00bb260&Prime;][\/et_pb_blog][\/et_pb_column][\/et_pb_row][\/et_pb_section]<\/p>\n","protected":false},"excerpt":{"rendered":"<p>Les actualit\u00e9s de Laurenty<\/p>\n","protected":false},"author":1,"featured_media":0,"parent":0,"menu_order":0,"comment_status":"closed","ping_status":"closed","template":"","meta":{"_et_pb_use_builder":"on","_et_pb_old_content":"","_et_gb_content_width":"","footnotes":""},"class_list":["post-32853","page","type-page","status-publish","hentry"],"yoast_head":"<!-- This site is optimized with the Yoast SEO plugin v27.6 - https:\/\/yoast.com\/product\/yoast-seo-wordpress\/ -->\n<title>Les actualit\u00e9s de Laurenty Groupe - Nos derni\u00e8res news<\/title>\n<meta name=\"description\" content=\"D\u00e9couvrez les derni\u00e8res actualit\u00e9s et news de Laurenty Group sur cette page\" \/>\n<meta name=\"robots\" content=\"index, follow, max-snippet:-1, max-image-preview:large, max-video-preview:-1\" \/>\n<link rel=\"canonical\" href=\"https:\/\/laurenty-com-staging.plesk02.djm.eu\/actualite\/\" \/>\n<meta property=\"og:locale\" content=\"fr_FR\" \/>\n<meta property=\"og:type\" content=\"article\" \/>\n<meta property=\"og:title\" content=\"Les actualit\u00e9s de Laurenty Groupe - Nos derni\u00e8res news\" \/>\n<meta property=\"og:description\" content=\"D\u00e9couvrez les derni\u00e8res actualit\u00e9s et news de Laurenty Group sur cette page\" \/>\n<meta property=\"og:url\" content=\"https:\/\/laurenty-com-staging.plesk02.djm.eu\/actualite\/\" \/>\n<meta property=\"og:site_name\" content=\"Laurenty\" \/>\n<meta property=\"article:publisher\" content=\"https:\/\/www.facebook.com\/LaurentyGroup\" \/>\n<meta property=\"article:modified_time\" content=\"2022-08-08T10:30:10+00:00\" \/>\n<meta property=\"og:image\" content=\"https:\/\/laurenty.com\/wp-content\/uploads\/2021\/11\/laurenty-banner-reseaux-sociaux.jpg\" \/>\n\t<meta property=\"og:image:width\" content=\"1200\" \/>\n\t<meta property=\"og:image:height\" content=\"630\" \/>\n\t<meta property=\"og:image:type\" content=\"image\/jpeg\" \/>\n<meta name=\"twitter:card\" content=\"summary_large_image\" \/>\n<meta name=\"twitter:label1\" content=\"Dur\u00e9e de lecture estim\u00e9e\" \/>\n\t<meta name=\"twitter:data1\" content=\"2 minutes\" \/>\n<script type=\"application\/ld+json\" class=\"yoast-schema-graph\">{\"@context\":\"https:\\\/\\\/schema.org\",\"@graph\":[{\"@type\":\"WebPage\",\"@id\":\"https:\\\/\\\/laurenty-com-staging.plesk02.djm.eu\\\/actualite\\\/\",\"url\":\"https:\\\/\\\/laurenty-com-staging.plesk02.djm.eu\\\/actualite\\\/\",\"name\":\"Les actualit\u00e9s de Laurenty Groupe - Nos derni\u00e8res news\",\"isPartOf\":{\"@id\":\"https:\\\/\\\/laurenty-com-staging.plesk02.djm.eu\\\/#website\"},\"datePublished\":\"2020-03-13T14:43:48+00:00\",\"dateModified\":\"2022-08-08T10:30:10+00:00\",\"description\":\"D\u00e9couvrez les derni\u00e8res actualit\u00e9s et news de Laurenty Group sur cette page\",\"breadcrumb\":{\"@id\":\"https:\\\/\\\/laurenty-com-staging.plesk02.djm.eu\\\/actualite\\\/#breadcrumb\"},\"inLanguage\":\"fr-FR\",\"potentialAction\":[{\"@type\":\"ReadAction\",\"target\":[\"https:\\\/\\\/laurenty-com-staging.plesk02.djm.eu\\\/actualite\\\/\"]}]},{\"@type\":\"BreadcrumbList\",\"@id\":\"https:\\\/\\\/laurenty-com-staging.plesk02.djm.eu\\\/actualite\\\/#breadcrumb\",\"itemListElement\":[{\"@type\":\"ListItem\",\"position\":1,\"name\":\"Accueil\",\"item\":\"https:\\\/\\\/laurenty-com-staging.plesk02.djm.eu\\\/\"},{\"@type\":\"ListItem\",\"position\":2,\"name\":\"News FR\"}]},{\"@type\":\"WebSite\",\"@id\":\"https:\\\/\\\/laurenty-com-staging.plesk02.djm.eu\\\/#website\",\"url\":\"https:\\\/\\\/laurenty-com-staging.plesk02.djm.eu\\\/\",\"name\":\"Laurenty Group\",\"description\":\"Entreprise de nettoyage et de services en Belgique, en France et au Luxembourg\",\"publisher\":{\"@id\":\"https:\\\/\\\/laurenty-com-staging.plesk02.djm.eu\\\/#organization\"},\"potentialAction\":[{\"@type\":\"SearchAction\",\"target\":{\"@type\":\"EntryPoint\",\"urlTemplate\":\"https:\\\/\\\/laurenty-com-staging.plesk02.djm.eu\\\/?s={search_term_string}\"},\"query-input\":{\"@type\":\"PropertyValueSpecification\",\"valueRequired\":true,\"valueName\":\"search_term_string\"}}],\"inLanguage\":\"fr-FR\"},{\"@type\":\"Organization\",\"@id\":\"https:\\\/\\\/laurenty-com-staging.plesk02.djm.eu\\\/#organization\",\"name\":\"Laurenty Group\",\"url\":\"https:\\\/\\\/laurenty-com-staging.plesk02.djm.eu\\\/\",\"logo\":{\"@type\":\"ImageObject\",\"inLanguage\":\"fr-FR\",\"@id\":\"https:\\\/\\\/laurenty-com-staging.plesk02.djm.eu\\\/#\\\/schema\\\/logo\\\/image\\\/\",\"url\":\"https:\\\/\\\/laurenty.com\\\/wp-content\\\/uploads\\\/2020\\\/06\\\/laurenty-group.png\",\"contentUrl\":\"https:\\\/\\\/laurenty.com\\\/wp-content\\\/uploads\\\/2020\\\/06\\\/laurenty-group.png\",\"width\":549,\"height\":309,\"caption\":\"Laurenty Group\"},\"image\":{\"@id\":\"https:\\\/\\\/laurenty-com-staging.plesk02.djm.eu\\\/#\\\/schema\\\/logo\\\/image\\\/\"},\"sameAs\":[\"https:\\\/\\\/www.facebook.com\\\/LaurentyGroup\",\"https:\\\/\\\/www.linkedin.com\\\/company\\\/laurentygroup\\\/\",\"https:\\\/\\\/www.youtube.com\\\/channel\\\/UCirP1Sv08dx0mDNCnR-8XUQ\"]}]}<\/script>\n<!-- \/ Yoast SEO plugin. -->","yoast_head_json":{"title":"Les actualit\u00e9s de Laurenty Groupe - Nos derni\u00e8res news","description":"D\u00e9couvrez les derni\u00e8res actualit\u00e9s et news de Laurenty Group sur cette page","robots":{"index":"index","follow":"follow","max-snippet":"max-snippet:-1","max-image-preview":"max-image-preview:large","max-video-preview":"max-video-preview:-1"},"canonical":"https:\/\/laurenty-com-staging.plesk02.djm.eu\/actualite\/","og_locale":"fr_FR","og_type":"article","og_title":"Les actualit\u00e9s de Laurenty Groupe - Nos derni\u00e8res news","og_description":"D\u00e9couvrez les derni\u00e8res actualit\u00e9s et news de Laurenty Group sur cette page","og_url":"https:\/\/laurenty-com-staging.plesk02.djm.eu\/actualite\/","og_site_name":"Laurenty","article_publisher":"https:\/\/www.facebook.com\/LaurentyGroup","article_modified_time":"2022-08-08T10:30:10+00:00","og_image":[{"width":1200,"height":630,"url":"https:\/\/laurenty.com\/wp-content\/uploads\/2021\/11\/laurenty-banner-reseaux-sociaux.jpg","type":"image\/jpeg"}],"twitter_card":"summary_large_image","twitter_misc":{"Dur\u00e9e de lecture estim\u00e9e":"2 minutes"},"schema":{"@context":"https:\/\/schema.org","@graph":[{"@type":"WebPage","@id":"https:\/\/laurenty-com-staging.plesk02.djm.eu\/actualite\/","url":"https:\/\/laurenty-com-staging.plesk02.djm.eu\/actualite\/","name":"Les actualit\u00e9s de Laurenty Groupe - Nos derni\u00e8res news","isPartOf":{"@id":"https:\/\/laurenty-com-staging.plesk02.djm.eu\/#website"},"datePublished":"2020-03-13T14:43:48+00:00","dateModified":"2022-08-08T10:30:10+00:00","description":"D\u00e9couvrez les derni\u00e8res actualit\u00e9s et news de Laurenty Group sur cette page","breadcrumb":{"@id":"https:\/\/laurenty-com-staging.plesk02.djm.eu\/actualite\/#breadcrumb"},"inLanguage":"fr-FR","potentialAction":[{"@type":"ReadAction","target":["https:\/\/laurenty-com-staging.plesk02.djm.eu\/actualite\/"]}]},{"@type":"BreadcrumbList","@id":"https:\/\/laurenty-com-staging.plesk02.djm.eu\/actualite\/#breadcrumb","itemListElement":[{"@type":"ListItem","position":1,"name":"Accueil","item":"https:\/\/laurenty-com-staging.plesk02.djm.eu\/"},{"@type":"ListItem","position":2,"name":"News FR"}]},{"@type":"WebSite","@id":"https:\/\/laurenty-com-staging.plesk02.djm.eu\/#website","url":"https:\/\/laurenty-com-staging.plesk02.djm.eu\/","name":"Laurenty Group","description":"Entreprise de nettoyage et de services en Belgique, en France et au Luxembourg","publisher":{"@id":"https:\/\/laurenty-com-staging.plesk02.djm.eu\/#organization"},"potentialAction":[{"@type":"SearchAction","target":{"@type":"EntryPoint","urlTemplate":"https:\/\/laurenty-com-staging.plesk02.djm.eu\/?s={search_term_string}"},"query-input":{"@type":"PropertyValueSpecification","valueRequired":true,"valueName":"search_term_string"}}],"inLanguage":"fr-FR"},{"@type":"Organization","@id":"https:\/\/laurenty-com-staging.plesk02.djm.eu\/#organization","name":"Laurenty Group","url":"https:\/\/laurenty-com-staging.plesk02.djm.eu\/","logo":{"@type":"ImageObject","inLanguage":"fr-FR","@id":"https:\/\/laurenty-com-staging.plesk02.djm.eu\/#\/schema\/logo\/image\/","url":"https:\/\/laurenty.com\/wp-content\/uploads\/2020\/06\/laurenty-group.png","contentUrl":"https:\/\/laurenty.com\/wp-content\/uploads\/2020\/06\/laurenty-group.png","width":549,"height":309,"caption":"Laurenty Group"},"image":{"@id":"https:\/\/laurenty-com-staging.plesk02.djm.eu\/#\/schema\/logo\/image\/"},"sameAs":["https:\/\/www.facebook.com\/LaurentyGroup","https:\/\/www.linkedin.com\/company\/laurentygroup\/","https:\/\/www.youtube.com\/channel\/UCirP1Sv08dx0mDNCnR-8XUQ"]}]}},"_links":{"self":[{"href":"https:\/\/laurenty.com\/fr-fr\/wp-json\/wp\/v2\/pages\/32853","targetHints":{"allow":["GET"]}}],"collection":[{"href":"https:\/\/laurenty.com\/fr-fr\/wp-json\/wp\/v2\/pages"}],"about":[{"href":"https:\/\/laurenty.com\/fr-fr\/wp-json\/wp\/v2\/types\/page"}],"author":[{"embeddable":true,"href":"https:\/\/laurenty.com\/fr-fr\/wp-json\/wp\/v2\/users\/1"}],"replies":[{"embeddable":true,"href":"https:\/\/laurenty.com\/fr-fr\/wp-json\/wp\/v2\/comments?post=32853"}],"version-history":[{"count":0,"href":"https:\/\/laurenty.com\/fr-fr\/wp-json\/wp\/v2\/pages\/32853\/revisions"}],"wp:attachment":[{"href":"https:\/\/laurenty.com\/fr-fr\/wp-json\/wp\/v2\/media?parent=32853"}],"curies":[{"name":"wp","href":"https:\/\/api.w.org\/{rel}","templated":true}]}}